{"id":5880,"date":"2025-06-29T13:22:17","date_gmt":"2025-06-29T13:22:17","guid":{"rendered":"https:\/\/www.minotti-berlin.de\/de\/?page_id=5880"},"modified":"2025-06-29T13:22:17","modified_gmt":"2025-06-29T13:22:17","slug":"barrierefreiheit","status":"publish","type":"page","link":"https:\/\/www.minotti-berlin.de\/de\/barrierefreiheit\/","title":{"rendered":"Barrierefreiheit"},"content":{"rendered":"<div class=\"wpb-content-wrapper\"><p>[vc_row row_content_width=&#8220;grid&#8220; content_text_aligment=&#8220;center&#8220; css=&#8220;.vc_custom_1553182949326{padding-top: 120px !important;padding-bottom: 120px !important;}&#8220;][vc_column][vc_column_text]<\/p>\n<p style=\"text-align: left;\">Die Minotti Berlin bei Thomas Herrendorf Inneneinrichtungen GmbH &amp; Co.KG ist bestrebt, ihre Website www.minotti-berlin.de in \u00dcbereinstimmung mit dem Barrierefreiheitsst\u00e4rkungsgesetz (BFSG) barrierefrei zug\u00e4nglich zu machen. Diese Erkl\u00e4rung zur Barrierefreiheit gilt f\u00fcr die Website www.minotti-berlin.de.<\/p>\n<h5 style=\"text-align: left;\">Stand der Vereinbarkeit mit den Anforderungen<\/h5>\n<p style=\"text-align: left;\">Die Website www.minotti-berlin.de ist aufgrund der folgenden Unvereinbarkeiten und Ausnahmen teilweise mit dem Barrierefreiheitsst\u00e4rkungsgesetz (BFSG) vereinbar.<\/p>\n<h5 style=\"text-align: left;\">Nicht barrierefreie Inhalte<\/h5>\n<p style=\"text-align: left;\">Die nachstehend aufgef\u00fchrten Inhalte sind aus den folgenden Gr\u00fcnden nicht barrierefrei:<\/p>\n<ul style=\"text-align: left;\">\n<li>PDF-Dokumente: Einige unserer PDF-Dokumente sind nicht barrierefrei. Wir arbeiten daran, diese so schnell wie m\u00f6glich anzupassen oder barrierefreie Alternativen bereitzustellen.<\/li>\n<li>Videos: Einige unserer eingebetteten Videos verf\u00fcgen derzeit nicht \u00fcber Untertitel. Wir bem\u00fchen uns, in Zukunft alle Videos mit Untertiteln zu versehen.<\/li>\n<li>Bilder ohne Alternativtext: Einige Bilder auf der Website haben keinen Alternativtext. Wir \u00fcberpr\u00fcfen und aktualisieren diese Inhalte laufend.<\/li>\n<\/ul>\n<h5 style=\"text-align: left;\">Barrieren Melden, Feedback und Kontaktangaben<\/h5>\n<p style=\"text-align: left;\">Sind Ihnen Barrieren beim Zugang zu Inhalten auf www.minotti-berlin.de aufgefallen? Dann k\u00f6nnen Sie sich gerne bei uns melden. Wir freuen uns auf Ihr Feedback und bem\u00fchen uns, die gemeldeten Barrieren in Rahmen der technischen und wirtschaftlichen M\u00f6glichkeiten schnellstm\u00f6glich zu beheben. Bitte teilen Sie uns mit, auf welche Seite und bei welcher Funktion Sie auf Barrieren gesto\u00dfen sind. Kopieren Sie hierf\u00fcr einfach den Link aus der Adresszeile Ihres Browsers. Sie k\u00f6nnen uns \u00fcber folgende Wege Barrieren melden:<\/p>\n<ul style=\"text-align: left;\">\n<li>E-Mail: <a href=\"mailto:mail@herrendorf.com\">mail@herrendorf.com<\/a><\/li>\n<li>Telefon: +49 (0)30 755 4204 \u2013 50<\/li>\n<li>Postanschrift: Stichwort Barrieren melden, Minotti Berlin bei Thomas Herrendorf Inneneinrichtungen GmbH &amp; Co.KG, Lietzenburger Str. 99, 10707 Berlin<\/li>\n<\/ul>\n<h5 style=\"text-align: left;\">Erg\u00e4nzung<\/h5>\n<p style=\"text-align: left;\">Diese Website verwendet die Software Ally der Firma Elementor EU LTD, um Nutzern*innen eine barriere-reduzierte Ansicht der visuellen Inhalte zu erm\u00f6glichen. Ally hilft, die Website an die individuellen Bed\u00fcrfnisse der Besucher*innen anzupassen. Zum Funktionsumfang von Ally geh\u00f6ren:<\/p>\n<ul class=\"list\" style=\"text-align: left;\">\n<li>eine adaptive Schriftvergr\u00f6\u00dferung<\/li>\n<li>eine freie Anpassung der Farbkontraste<\/li>\n<li>eine Vorlesefunktion mit integrierter Tastatur-Navigation<\/li>\n<li>ein Blaufilter<\/li>\n<li>ein Nachtmodus<\/li>\n<li>eine Sofortansicht zur Verbindung mehrerer Funktionen<\/li>\n<li>eine Kompensation von Farbschw\u00e4chen sowie<\/li>\n<li>weitere Funktionen f\u00fcr eine individuelle Ansicht der Website wie eine serifenlose Schrift oder das Ausblenden von Bildern, Animationen und Ton<\/li>\n<\/ul>\n<h5 style=\"text-align: left;\">R\u00fcckmeldung und Kontaktangaben<\/h5>\n<p style=\"text-align: left;\">Sie k\u00f6nnen F\u00e4lle von Schwierigkeiten beim Zugriff auf die Inhalte der Website an uns melden:<\/p>\n<p style=\"text-align: left;\">Minotti Berlin bei Thomas Herrendorf Inneneinrichtungen GmbH &amp; Co.KG<br \/>\nLietzenburger Str. 99<br \/>\n10707 Berlin<\/p>\n<p style=\"text-align: left;\">Telefon: +49 (0)30 755 4204 \u2013 50<br \/>\n<a href=\"mailto:mail@herrendorf.com\">mail@herrendorf.com<\/a><\/p>\n<h5 style=\"text-align: left;\">Markt\u00fcberwachungsstelle<\/h5>\n<p style=\"text-align: left;\">Die Kontaktdaten der f\u00fcr uns zust\u00e4ndigen Markt\u00fcberwachungsstelle lauten:<\/p>\n<p style=\"text-align: left;\">Markt\u00fcberwachungsstelle der L\u00e4nder f\u00fcr die Barrierefreiheit von Produkten und Dienstleistungen<br \/>\nc\/o Ministerium f\u00fcr Arbeit, Soziales, Gesundheit und Gleichstellung Sachsen-Anhalt<br \/>\nPostfach 39 11 55<br \/>\n39135 Magdeburg<br \/>\n<a href=\"mailto:MLBF@ms.sachsen-anhalt.de\">MLBF@ms.sachsen-anhalt.de<\/a><br \/>\nTel.: 03915676970<br \/>\nMLBF (in Errichtung)<\/p>\n<h5 style=\"text-align: left;\">Datum der Erstellung dieser Erkl\u00e4rung zur Barrierefreiheit<\/h5>\n<p style=\"text-align: left;\">Diese Erkl\u00e4rung wurde am 10. Juni 2025 erstellt. Die \u00dcberpr\u00fcfung der Einhaltung der Anforderungen beruht auf einem Pr\u00fcfbericht zur digitalen Barrierefreiheit die von der &#8222;Minotti Berlin bei Thomas Herrendorf Inneneinrichtungen GmbH &amp; Co.KG&#8220; durchgef\u00fchrt wurde.<\/p>\n<p style=\"text-align: left;\">Diese Erkl\u00e4rung zur Barrierefreiheit wurde mit gr\u00f6\u00dfter Sorgfalt erstellt und wird regelm\u00e4\u00dfig aktualisiert, um die aktuellen Anforderungen und Standards zu erf\u00fcllen. Dennoch k\u00f6nnen Fehler nicht v\u00f6llig ausgeschlossen werden. Falls Sie Fehler in dieser Erkl\u00e4rung finden, bitten wir um eine kurze R\u00fcckmeldung \u00fcber die Barrieren Melden Funktionalit\u00e4t, wie sie in diesem Dokument aufgef\u00fchrt sind.<\/p>\n<p style=\"text-align: left;\">Letztes Update dieses Dokuments erfolgte am 26.06.2025.<\/p>\n<p>[\/vc_column_text][\/vc_column][\/vc_row]<\/p>\n<\/div>","protected":false},"excerpt":{"rendered":"<p>[vc_row row_content_width=&#8220;grid&#8220; content_text_aligment=&#8220;center&#8220; css=&#8220;.vc_custom_1553182949326{padding-top: 120px !important;padding-bottom: 120px !important;}&#8220;][vc_column][vc_column_text] Die Minotti Berlin bei Thomas Herrendorf Inneneinrichtungen GmbH &amp; Co.KG ist bestrebt, ihre Website www.minotti-berlin.de in \u00dcbereinstimmung mit dem Barrierefreiheitsst\u00e4rkungsgesetz (BFSG) barrierefrei zug\u00e4nglich zu machen. Diese Erkl\u00e4rung zur Barrierefreiheit gilt f\u00fcr die Website www.minotti-berlin.de. Stand der Vereinbarkeit mit den Anforderungen Die Website [&hellip;]<\/p>\n","protected":false},"author":1,"featured_media":0,"parent":0,"menu_order":0,"comment_status":"closed","ping_status":"closed","template":"full-width.php","meta":{"_exactmetrics_skip_tracking":false,"_exactmetrics_sitenote_active":false,"_exactmetrics_sitenote_note":"","_exactmetrics_sitenote_category":0,"footnotes":""},"class_list":["post-5880","page","type-page","status-publish","hentry"],"yoast_head":"<!-- This site is optimized with the Yoast SEO plugin v27.6 - https:\/\/yoast.com\/product\/yoast-seo-wordpress\/ -->\n<title>Barrierefreiheit - Minotti<\/title>\n<meta name=\"description\" content=\"Impressum Website Minotti Berlin: Hier finden Sie alle notwendigen rechtlichen Informationen sowie unsere Adresse.\" \/>\n<meta name=\"robots\" content=\"index, follow, max-snippet:-1, max-image-preview:large, max-video-preview:-1\" \/>\n<link rel=\"canonical\" href=\"https:\/\/www.minotti-berlin.de\/de\/barrierefreiheit\/\" \/>\n<meta property=\"og:locale\" content=\"de_DE\" \/>\n<meta property=\"og:type\" content=\"article\" \/>\n<meta property=\"og:title\" content=\"Barrierefreiheit - Minotti\" \/>\n<meta property=\"og:description\" content=\"Impressum Website Minotti Berlin: Hier finden Sie alle notwendigen rechtlichen Informationen sowie unsere Adresse.\" \/>\n<meta property=\"og:url\" content=\"https:\/\/www.minotti-berlin.de\/de\/barrierefreiheit\/\" \/>\n<meta property=\"og:site_name\" content=\"Minotti\" \/>\n<meta name=\"twitter:card\" content=\"summary_large_image\" \/>\n<meta name=\"twitter:label1\" content=\"Gesch\u00e4tzte Lesezeit\" \/>\n\t<meta name=\"twitter:data1\" content=\"3\u00a0Minuten\" \/>\n<script type=\"application\/ld+json\" class=\"yoast-schema-graph\">{\"@context\":\"https:\\\/\\\/schema.org\",\"@graph\":[{\"@type\":\"WebPage\",\"@id\":\"https:\\\/\\\/www.minotti-berlin.de\\\/de\\\/barrierefreiheit\\\/\",\"url\":\"https:\\\/\\\/www.minotti-berlin.de\\\/de\\\/barrierefreiheit\\\/\",\"name\":\"Barrierefreiheit - Minotti\",\"isPartOf\":{\"@id\":\"https:\\\/\\\/www.minotti-berlin.de\\\/de\\\/#website\"},\"datePublished\":\"2025-06-29T13:22:17+00:00\",\"description\":\"Impressum Website Minotti Berlin: Hier finden Sie alle notwendigen rechtlichen Informationen sowie unsere Adresse.\",\"breadcrumb\":{\"@id\":\"https:\\\/\\\/www.minotti-berlin.de\\\/de\\\/barrierefreiheit\\\/#breadcrumb\"},\"inLanguage\":\"de\",\"potentialAction\":[{\"@type\":\"ReadAction\",\"target\":[\"https:\\\/\\\/www.minotti-berlin.de\\\/de\\\/barrierefreiheit\\\/\"]}]},{\"@type\":\"BreadcrumbList\",\"@id\":\"https:\\\/\\\/www.minotti-berlin.de\\\/de\\\/barrierefreiheit\\\/#breadcrumb\",\"itemListElement\":[{\"@type\":\"ListItem\",\"position\":1,\"name\":\"Startseite\",\"item\":\"https:\\\/\\\/www.minotti-berlin.de\\\/de\\\/\"},{\"@type\":\"ListItem\",\"position\":2,\"name\":\"Barrierefreiheit\"}]},{\"@type\":\"WebSite\",\"@id\":\"https:\\\/\\\/www.minotti-berlin.de\\\/de\\\/#website\",\"url\":\"https:\\\/\\\/www.minotti-berlin.de\\\/de\\\/\",\"name\":\"Minotti\",\"description\":\"Berlin\",\"potentialAction\":[{\"@type\":\"SearchAction\",\"target\":{\"@type\":\"EntryPoint\",\"urlTemplate\":\"https:\\\/\\\/www.minotti-berlin.de\\\/de\\\/?s={search_term_string}\"},\"query-input\":{\"@type\":\"PropertyValueSpecification\",\"valueRequired\":true,\"valueName\":\"search_term_string\"}}],\"inLanguage\":\"de\"}]}<\/script>\n<!-- \/ Yoast SEO plugin. -->","yoast_head_json":{"title":"Barrierefreiheit - Minotti","description":"Impressum Website Minotti Berlin: Hier finden Sie alle notwendigen rechtlichen Informationen sowie unsere Adresse.","robots":{"index":"index","follow":"follow","max-snippet":"max-snippet:-1","max-image-preview":"max-image-preview:large","max-video-preview":"max-video-preview:-1"},"canonical":"https:\/\/www.minotti-berlin.de\/de\/barrierefreiheit\/","og_locale":"de_DE","og_type":"article","og_title":"Barrierefreiheit - Minotti","og_description":"Impressum Website Minotti Berlin: Hier finden Sie alle notwendigen rechtlichen Informationen sowie unsere Adresse.","og_url":"https:\/\/www.minotti-berlin.de\/de\/barrierefreiheit\/","og_site_name":"Minotti","twitter_card":"summary_large_image","twitter_misc":{"Gesch\u00e4tzte Lesezeit":"3\u00a0Minuten"},"schema":{"@context":"https:\/\/schema.org","@graph":[{"@type":"WebPage","@id":"https:\/\/www.minotti-berlin.de\/de\/barrierefreiheit\/","url":"https:\/\/www.minotti-berlin.de\/de\/barrierefreiheit\/","name":"Barrierefreiheit - Minotti","isPartOf":{"@id":"https:\/\/www.minotti-berlin.de\/de\/#website"},"datePublished":"2025-06-29T13:22:17+00:00","description":"Impressum Website Minotti Berlin: Hier finden Sie alle notwendigen rechtlichen Informationen sowie unsere Adresse.","breadcrumb":{"@id":"https:\/\/www.minotti-berlin.de\/de\/barrierefreiheit\/#breadcrumb"},"inLanguage":"de","potentialAction":[{"@type":"ReadAction","target":["https:\/\/www.minotti-berlin.de\/de\/barrierefreiheit\/"]}]},{"@type":"BreadcrumbList","@id":"https:\/\/www.minotti-berlin.de\/de\/barrierefreiheit\/#breadcrumb","itemListElement":[{"@type":"ListItem","position":1,"name":"Startseite","item":"https:\/\/www.minotti-berlin.de\/de\/"},{"@type":"ListItem","position":2,"name":"Barrierefreiheit"}]},{"@type":"WebSite","@id":"https:\/\/www.minotti-berlin.de\/de\/#website","url":"https:\/\/www.minotti-berlin.de\/de\/","name":"Minotti","description":"Berlin","potentialAction":[{"@type":"SearchAction","target":{"@type":"EntryPoint","urlTemplate":"https:\/\/www.minotti-berlin.de\/de\/?s={search_term_string}"},"query-input":{"@type":"PropertyValueSpecification","valueRequired":true,"valueName":"search_term_string"}}],"inLanguage":"de"}]}},"_links":{"self":[{"href":"https:\/\/www.minotti-berlin.de\/de\/wp-json\/wp\/v2\/pages\/5880","targetHints":{"allow":["GET"]}}],"collection":[{"href":"https:\/\/www.minotti-berlin.de\/de\/wp-json\/wp\/v2\/pages"}],"about":[{"href":"https:\/\/www.minotti-berlin.de\/de\/wp-json\/wp\/v2\/types\/page"}],"author":[{"embeddable":true,"href":"https:\/\/www.minotti-berlin.de\/de\/wp-json\/wp\/v2\/users\/1"}],"replies":[{"embeddable":true,"href":"https:\/\/www.minotti-berlin.de\/de\/wp-json\/wp\/v2\/comments?post=5880"}],"version-history":[{"count":2,"href":"https:\/\/www.minotti-berlin.de\/de\/wp-json\/wp\/v2\/pages\/5880\/revisions"}],"predecessor-version":[{"id":5882,"href":"https:\/\/www.minotti-berlin.de\/de\/wp-json\/wp\/v2\/pages\/5880\/revisions\/5882"}],"wp:attachment":[{"href":"https:\/\/www.minotti-berlin.de\/de\/wp-json\/wp\/v2\/media?parent=5880"}],"curies":[{"name":"wp","href":"https:\/\/api.w.org\/{rel}","templated":true}]}}