{"id":4941,"date":"2020-05-13T14:19:51","date_gmt":"2020-05-13T14:19:51","guid":{"rendered":"https:\/\/www.netfours.de\/dev\/?page_id=4941"},"modified":"2020-12-22T13:35:50","modified_gmt":"2020-12-22T13:35:50","slug":"farben","status":"publish","type":"page","link":"https:\/\/www.minotti-berlin.de\/de\/einrichtungsplanung\/farben\/","title":{"rendered":"Farben"},"content":{"rendered":"<div class=\"wpb-content-wrapper\"><p>[vc_row row_content_width=&#8220;grid&#8220; content_text_aligment=&#8220;center&#8220; css=&#8220;.vc_custom_1588015206994{padding-top: -100px !important;padding-bottom: 0px !important;}&#8220; simple_background_color=&#8220;#000000&#8243;][vc_column css=&#8220;.vc_custom_1592213373078{margin-top: 30px !important;margin-left: -10px !important;}&#8220;][vc_column_text]\t\t\t<!-- Flexy Breadcrumb -->\r\n\t\t\t<div class=\"fbc fbc-page\">\r\n\r\n\t\t\t\t<!-- Breadcrumb wrapper -->\r\n\t\t\t\t<div class=\"fbc-wrap\">\r\n\r\n\t\t\t\t\t<!-- Ordered list-->\r\n\t\t\t\t\t<ol class=\"fbc-items\" itemscope itemtype=\"https:\/\/schema.org\/BreadcrumbList\">\r\n\t\t\t\t\t\t            <li itemprop=\"itemListElement\" itemscope itemtype=\"https:\/\/schema.org\/ListItem\">\r\n                <span itemprop=\"name\">\r\n                    <!-- Home Link -->\r\n                    <a itemprop=\"item\" href=\"https:\/\/www.minotti-berlin.de\/de\">\r\n                    \r\n                        Home                    <\/a>\r\n                <\/span>\r\n                <meta itemprop=\"position\" content=\"1\" \/><!-- Meta Position-->\r\n             <\/li><li><span class=\"fbc-separator\"> - <\/span><\/li><li class=\"active\" itemprop=\"itemListElement\" itemscope itemtype=\"https:\/\/schema.org\/ListItem\"><span itemprop=\"name\" title=\"Farben\">Farben<\/span><meta itemprop=\"position\" content=\"2\" \/><\/li>\t\t\t\t\t<\/ol>\r\n\t\t\t\t\t<div class=\"clearfix\"><\/div>\r\n\t\t\t\t<\/div>\r\n\t\t\t<\/div>\r\n\t\t\t[\/vc_column_text][\/vc_column][\/vc_row][vc_row row_content_width=&#8220;grid&#8220; content_text_aligment=&#8220;center&#8220; css=&#8220;.vc_custom_1553182949326{padding-top: 120px !important;padding-bottom: 135px !important;}&#8220;][vc_column css=&#8220;.vc_custom_1592210256383{margin-top: -70px !important;}&#8220;][vc_column_text]<\/p>\n<p class=\"p1\" style=\"text-align: left;\">Minotti steht wie kaum eine andere Manufaktur f\u00fcr das ausgekl\u00fcgelte Zusammenspiel von Materialit\u00e4ten und Design &#8211; dies spiegeln fast alle Entw\u00fcrfe aus den vergangenen mehr als 70 Jahren Firmengeschichte wider.<\/p>\n<p class=\"p1\" style=\"text-align: left;\">Wir \u00fcbertragen diese Symbiose in die Einrichtungsplanung von Minotti Berlin: Denn das Zusammenwirken von M\u00f6belst\u00fccken, Licht, Farbe und den jeweiligen Materialien macht Interior Design zu einer sinnhaften Erfahrung. Und dies ist der Kern jeder guten Einrichtungsplanung: Sie wirkt auf alle Sinne.<\/p>\n<p class=\"p1\" style=\"text-align: left;\">In Zusammenarbeit mit dem Stoffatelier von <a href=\"http:\/\/www.herrendorf.com\/stoffatelier\">Herrendorf Interior Design<\/a> erarbeiten wir Farb- und Materialkonzepte &#8211; auf Wunsch auch Wandbespannungen, Teppiche, Polster und Tapeten, na\u00fcrlich ebenso Vorh\u00e4nge, Kissen, Decken und Bettw\u00e4sche. Die Stoffexpert*innen in direkter Nachbarschaft zu unserem Showroom greifen mit Ihnen auf eine einzigartige Sammlung exklusiver Kollektionen zur\u00fcck, von den f\u00fchrenden internationalen Herstellern bis zu kleinen, unbekannten Manufakturen, die auch individuelle Designs erm\u00f6glichen<\/p>\n<p class=\"p1\" style=\"text-align: left;\">Wie bei allen unseren Services kommt auch beim Thema Farben und Materialien bei Minotti Berlin f\u00fcr Sie alles aus einer Hand: Nach der Beratung, Auswahl und Planung betreut Sie unser Team aus dem N\u00e4hatelier, unsere Malermeister*innen und Monteur*innen sowie nat\u00fcrlich auch Dekorateur*innen bis zur Fertigstellung Ihres Projektes.<\/p>\n<p>[\/vc_column_text][\/vc_column][\/vc_row]<\/p>\n<\/div>","protected":false},"excerpt":{"rendered":"<p>[vc_row row_content_width=&#8220;grid&#8220; content_text_aligment=&#8220;center&#8220; css=&#8220;.vc_custom_1588015206994{padding-top: -100px !important;padding-bottom: 0px !important;}&#8220; simple_background_color=&#8220;#000000&#8243;][vc_column css=&#8220;.vc_custom_1592213373078{margin-top: 30px !important;margin-left: -10px !important;}&#8220;][vc_column_text][\/vc_column_text][\/vc_column][\/vc_row][vc_row row_content_width=&#8220;grid&#8220; content_text_aligment=&#8220;center&#8220; css=&#8220;.vc_custom_1553182949326{padding-top: 120px !important;padding-bottom: 135px !important;}&#8220;][vc_column css=&#8220;.vc_custom_1592210256383{margin-top: -70px !important;}&#8220;][vc_column_text] Minotti steht wie kaum eine andere Manufaktur f\u00fcr das ausgekl\u00fcgelte Zusammenspiel von Materialit\u00e4ten und Design &#8211; dies spiegeln fast alle Entw\u00fcrfe aus den vergangenen mehr als [&hellip;]<\/p>\n","protected":false},"author":1,"featured_media":0,"parent":222,"menu_order":0,"comment_status":"closed","ping_status":"closed","template":"full-width.php","meta":{"_exactmetrics_skip_tracking":false,"_exactmetrics_sitenote_active":false,"_exactmetrics_sitenote_note":"","_exactmetrics_sitenote_category":0,"footnotes":""},"class_list":["post-4941","page","type-page","status-publish","hentry"],"yoast_head":"<!-- This site is optimized with the Yoast SEO plugin v27.6 - https:\/\/yoast.com\/product\/yoast-seo-wordpress\/ -->\n<title>Farben - Minotti<\/title>\n<meta name=\"description\" content=\"Wie bei allen unseren Services kommt auch beim Thema Farben und Materialien bei Minotti Berlin f\u00fcr Sie alles aus einer Hand: Nach der Beratung, Auswahl und Planung betreut Sie unser Team aus dem N\u00e4hatelier, unsere Malermeister und Monteure sowie nat\u00fcrlich auch Dekorateure bis zur Fertigstellung Ihres Projektes.\" \/>\n<meta name=\"robots\" content=\"index, follow, max-snippet:-1, max-image-preview:large, max-video-preview:-1\" \/>\n<link rel=\"canonical\" href=\"https:\/\/www.minotti-berlin.de\/de\/einrichtungsplanung\/farben\/\" \/>\n<meta property=\"og:locale\" content=\"de_DE\" \/>\n<meta property=\"og:type\" content=\"article\" \/>\n<meta property=\"og:title\" content=\"Farben - Minotti\" \/>\n<meta property=\"og:description\" content=\"Wie bei allen unseren Services kommt auch beim Thema Farben und Materialien bei Minotti Berlin f\u00fcr Sie alles aus einer Hand: Nach der Beratung, Auswahl und Planung betreut Sie unser Team aus dem N\u00e4hatelier, unsere Malermeister und Monteure sowie nat\u00fcrlich auch Dekorateure bis zur Fertigstellung Ihres Projektes.\" \/>\n<meta property=\"og:url\" content=\"https:\/\/www.minotti-berlin.de\/de\/einrichtungsplanung\/farben\/\" \/>\n<meta property=\"og:site_name\" content=\"Minotti\" \/>\n<meta property=\"article:modified_time\" content=\"2020-12-22T13:35:50+00:00\" \/>\n<meta name=\"twitter:card\" content=\"summary_large_image\" \/>\n<meta name=\"twitter:label1\" content=\"Gesch\u00e4tzte Lesezeit\" \/>\n\t<meta name=\"twitter:data1\" content=\"1\u00a0Minute\" \/>\n<script type=\"application\/ld+json\" class=\"yoast-schema-graph\">{\"@context\":\"https:\\\/\\\/schema.org\",\"@graph\":[{\"@type\":\"WebPage\",\"@id\":\"https:\\\/\\\/www.minotti-berlin.de\\\/de\\\/einrichtungsplanung\\\/farben\\\/\",\"url\":\"https:\\\/\\\/www.minotti-berlin.de\\\/de\\\/einrichtungsplanung\\\/farben\\\/\",\"name\":\"Farben - Minotti\",\"isPartOf\":{\"@id\":\"https:\\\/\\\/www.minotti-berlin.de\\\/de\\\/#website\"},\"datePublished\":\"2020-05-13T14:19:51+00:00\",\"dateModified\":\"2020-12-22T13:35:50+00:00\",\"description\":\"Wie bei allen unseren Services kommt auch beim Thema Farben und Materialien bei Minotti Berlin f\u00fcr Sie alles aus einer Hand: Nach der Beratung, Auswahl und Planung betreut Sie unser Team aus dem N\u00e4hatelier, unsere Malermeister und Monteure sowie nat\u00fcrlich auch Dekorateure bis zur Fertigstellung Ihres Projektes.\",\"breadcrumb\":{\"@id\":\"https:\\\/\\\/www.minotti-berlin.de\\\/de\\\/einrichtungsplanung\\\/farben\\\/#breadcrumb\"},\"inLanguage\":\"de\",\"potentialAction\":[{\"@type\":\"ReadAction\",\"target\":[\"https:\\\/\\\/www.minotti-berlin.de\\\/de\\\/einrichtungsplanung\\\/farben\\\/\"]}]},{\"@type\":\"BreadcrumbList\",\"@id\":\"https:\\\/\\\/www.minotti-berlin.de\\\/de\\\/einrichtungsplanung\\\/farben\\\/#breadcrumb\",\"itemListElement\":[{\"@type\":\"ListItem\",\"position\":1,\"name\":\"Startseite\",\"item\":\"https:\\\/\\\/www.minotti-berlin.de\\\/de\\\/\"},{\"@type\":\"ListItem\",\"position\":2,\"name\":\"Einrichtungsplanung\",\"item\":\"https:\\\/\\\/www.minotti-berlin.de\\\/de\\\/einrichtungsplanung\\\/\"},{\"@type\":\"ListItem\",\"position\":3,\"name\":\"Farben\"}]},{\"@type\":\"WebSite\",\"@id\":\"https:\\\/\\\/www.minotti-berlin.de\\\/de\\\/#website\",\"url\":\"https:\\\/\\\/www.minotti-berlin.de\\\/de\\\/\",\"name\":\"Minotti\",\"description\":\"Berlin\",\"potentialAction\":[{\"@type\":\"SearchAction\",\"target\":{\"@type\":\"EntryPoint\",\"urlTemplate\":\"https:\\\/\\\/www.minotti-berlin.de\\\/de\\\/?s={search_term_string}\"},\"query-input\":{\"@type\":\"PropertyValueSpecification\",\"valueRequired\":true,\"valueName\":\"search_term_string\"}}],\"inLanguage\":\"de\"}]}<\/script>\n<!-- \/ Yoast SEO plugin. -->","yoast_head_json":{"title":"Farben - Minotti","description":"Wie bei allen unseren Services kommt auch beim Thema Farben und Materialien bei Minotti Berlin f\u00fcr Sie alles aus einer Hand: Nach der Beratung, Auswahl und Planung betreut Sie unser Team aus dem N\u00e4hatelier, unsere Malermeister und Monteure sowie nat\u00fcrlich auch Dekorateure bis zur Fertigstellung Ihres Projektes.","robots":{"index":"index","follow":"follow","max-snippet":"max-snippet:-1","max-image-preview":"max-image-preview:large","max-video-preview":"max-video-preview:-1"},"canonical":"https:\/\/www.minotti-berlin.de\/de\/einrichtungsplanung\/farben\/","og_locale":"de_DE","og_type":"article","og_title":"Farben - Minotti","og_description":"Wie bei allen unseren Services kommt auch beim Thema Farben und Materialien bei Minotti Berlin f\u00fcr Sie alles aus einer Hand: Nach der Beratung, Auswahl und Planung betreut Sie unser Team aus dem N\u00e4hatelier, unsere Malermeister und Monteure sowie nat\u00fcrlich auch Dekorateure bis zur Fertigstellung Ihres Projektes.","og_url":"https:\/\/www.minotti-berlin.de\/de\/einrichtungsplanung\/farben\/","og_site_name":"Minotti","article_modified_time":"2020-12-22T13:35:50+00:00","twitter_card":"summary_large_image","twitter_misc":{"Gesch\u00e4tzte Lesezeit":"1\u00a0Minute"},"schema":{"@context":"https:\/\/schema.org","@graph":[{"@type":"WebPage","@id":"https:\/\/www.minotti-berlin.de\/de\/einrichtungsplanung\/farben\/","url":"https:\/\/www.minotti-berlin.de\/de\/einrichtungsplanung\/farben\/","name":"Farben - Minotti","isPartOf":{"@id":"https:\/\/www.minotti-berlin.de\/de\/#website"},"datePublished":"2020-05-13T14:19:51+00:00","dateModified":"2020-12-22T13:35:50+00:00","description":"Wie bei allen unseren Services kommt auch beim Thema Farben und Materialien bei Minotti Berlin f\u00fcr Sie alles aus einer Hand: Nach der Beratung, Auswahl und Planung betreut Sie unser Team aus dem N\u00e4hatelier, unsere Malermeister und Monteure sowie nat\u00fcrlich auch Dekorateure bis zur Fertigstellung Ihres Projektes.","breadcrumb":{"@id":"https:\/\/www.minotti-berlin.de\/de\/einrichtungsplanung\/farben\/#breadcrumb"},"inLanguage":"de","potentialAction":[{"@type":"ReadAction","target":["https:\/\/www.minotti-berlin.de\/de\/einrichtungsplanung\/farben\/"]}]},{"@type":"BreadcrumbList","@id":"https:\/\/www.minotti-berlin.de\/de\/einrichtungsplanung\/farben\/#breadcrumb","itemListElement":[{"@type":"ListItem","position":1,"name":"Startseite","item":"https:\/\/www.minotti-berlin.de\/de\/"},{"@type":"ListItem","position":2,"name":"Einrichtungsplanung","item":"https:\/\/www.minotti-berlin.de\/de\/einrichtungsplanung\/"},{"@type":"ListItem","position":3,"name":"Farben"}]},{"@type":"WebSite","@id":"https:\/\/www.minotti-berlin.de\/de\/#website","url":"https:\/\/www.minotti-berlin.de\/de\/","name":"Minotti","description":"Berlin","potentialAction":[{"@type":"SearchAction","target":{"@type":"EntryPoint","urlTemplate":"https:\/\/www.minotti-berlin.de\/de\/?s={search_term_string}"},"query-input":{"@type":"PropertyValueSpecification","valueRequired":true,"valueName":"search_term_string"}}],"inLanguage":"de"}]}},"_links":{"self":[{"href":"https:\/\/www.minotti-berlin.de\/de\/wp-json\/wp\/v2\/pages\/4941","targetHints":{"allow":["GET"]}}],"collection":[{"href":"https:\/\/www.minotti-berlin.de\/de\/wp-json\/wp\/v2\/pages"}],"about":[{"href":"https:\/\/www.minotti-berlin.de\/de\/wp-json\/wp\/v2\/types\/page"}],"author":[{"embeddable":true,"href":"https:\/\/www.minotti-berlin.de\/de\/wp-json\/wp\/v2\/users\/1"}],"replies":[{"embeddable":true,"href":"https:\/\/www.minotti-berlin.de\/de\/wp-json\/wp\/v2\/comments?post=4941"}],"version-history":[{"count":12,"href":"https:\/\/www.minotti-berlin.de\/de\/wp-json\/wp\/v2\/pages\/4941\/revisions"}],"predecessor-version":[{"id":5699,"href":"https:\/\/www.minotti-berlin.de\/de\/wp-json\/wp\/v2\/pages\/4941\/revisions\/5699"}],"up":[{"embeddable":true,"href":"https:\/\/www.minotti-berlin.de\/de\/wp-json\/wp\/v2\/pages\/222"}],"wp:attachment":[{"href":"https:\/\/www.minotti-berlin.de\/de\/wp-json\/wp\/v2\/media?parent=4941"}],"curies":[{"name":"wp","href":"https:\/\/api.w.org\/{rel}","templated":true}]}}