{"id":4935,"date":"2020-05-13T14:13:07","date_gmt":"2020-05-13T14:13:07","guid":{"rendered":"https:\/\/www.netfours.de\/dev\/?page_id=4935"},"modified":"2020-12-22T13:37:46","modified_gmt":"2020-12-22T13:37:46","slug":"licht","status":"publish","type":"page","link":"https:\/\/www.minotti-berlin.de\/de\/einrichtungsplanung\/licht\/","title":{"rendered":"Licht"},"content":{"rendered":"<div class=\"wpb-content-wrapper\"><p>[vc_row row_content_width=&#8220;grid&#8220; content_text_aligment=&#8220;center&#8220; css=&#8220;.vc_custom_1588015206994{padding-top: -100px !important;padding-bottom: 0px !important;}&#8220; simple_background_color=&#8220;#000000&#8243;][vc_column css=&#8220;.vc_custom_1592213253458{margin-top: 30px !important;margin-left: -10px !important;}&#8220;][vc_column_text]\t\t\t<!-- Flexy Breadcrumb -->\r\n\t\t\t<div class=\"fbc fbc-page\">\r\n\r\n\t\t\t\t<!-- Breadcrumb wrapper -->\r\n\t\t\t\t<div class=\"fbc-wrap\">\r\n\r\n\t\t\t\t\t<!-- Ordered list-->\r\n\t\t\t\t\t<ol class=\"fbc-items\" itemscope itemtype=\"https:\/\/schema.org\/BreadcrumbList\">\r\n\t\t\t\t\t\t            <li itemprop=\"itemListElement\" itemscope itemtype=\"https:\/\/schema.org\/ListItem\">\r\n                <span itemprop=\"name\">\r\n                    <!-- Home Link -->\r\n                    <a itemprop=\"item\" href=\"https:\/\/www.minotti-berlin.de\/de\">\r\n                    \r\n                        Home                    <\/a>\r\n                <\/span>\r\n                <meta itemprop=\"position\" content=\"1\" \/><!-- Meta Position-->\r\n             <\/li><li><span class=\"fbc-separator\"> - <\/span><\/li><li class=\"active\" itemprop=\"itemListElement\" itemscope itemtype=\"https:\/\/schema.org\/ListItem\"><span itemprop=\"name\" title=\"Licht\">Licht<\/span><meta itemprop=\"position\" content=\"2\" \/><\/li>\t\t\t\t\t<\/ol>\r\n\t\t\t\t\t<div class=\"clearfix\"><\/div>\r\n\t\t\t\t<\/div>\r\n\t\t\t<\/div>\r\n\t\t\t[\/vc_column_text][\/vc_column][\/vc_row][vc_row row_content_width=&#8220;grid&#8220; content_text_aligment=&#8220;center&#8220; css=&#8220;.vc_custom_1553182949326{padding-top: 120px !important;padding-bottom: 135px !important;}&#8220;][vc_column css=&#8220;.vc_custom_1592206995755{margin-top: -70px !important;margin-bottom: -30px !important;}&#8220;][vc_column_text]<\/p>\n<p class=\"p1\" style=\"text-align: left;\">Innenarchitekt*innen wissen: In einem perfekten Raum wirkt kein noch so gelungenes Detail, wenn das Licht nicht stimmt. Deshalb betrachten wir professionelle Lichtplanung als integralen Bestandteil jeder guten Einrichtung.<\/p>\n<p class=\"p1\" style=\"text-align: left;\">Ein umfassendes Lichtkonzept unterscheidet zwei differenzierte Planungskategorien:<\/p>\n<p class=\"p1\" style=\"text-align: left;\">Der Entwurf f\u00fcr die Grundbeleuchtung \u2013 das sogenannte architektonische Licht \u2013 richtet sich nach den Gegebenheiten vor Ort und zieht als Bestandteil der Elektroplanung gegebenenfalls bauliche Eingriffe nach sich. Daher ist es wichtig, die Lichtplanung bereits fr\u00fchzeitig in den Planungsprozess zu integrieren.<\/p>\n<p class=\"p1\" style=\"text-align: left;\">F\u00fcr die stimmungsvolle Abrundung einer Einrichtung sorgt das atmosph\u00e4rische Licht. Als essentieller Bestandteil jeder Planung zielt es darauf ab, die Qualit\u00e4ten von Details perfekt in Szene zu setzen. Um f\u00fcr Ihr Konzept sowohl die passenden Leuchten als auch das optimale Licht zu w\u00e4hlen, steht Ihnen eine kuratierte Kollektion von Leuchten namhafter internationaler Hersteller*innen zur Auswahl.<\/p>\n<p class=\"p1\" style=\"text-align: left;\">Wir erarbeiten f\u00fcr jede r\u00e4umliche Situation eine individuelle Lichtplanung und bieten Ihnen umfassende fachliche Begleitung \u2013 von der Auswahl der Leuchten bis hin zur Platzierung und Montage.<\/p>\n<p>[\/vc_column_text][\/vc_column][\/vc_row]<\/p>\n<\/div>","protected":false},"excerpt":{"rendered":"<p>[vc_row row_content_width=&#8220;grid&#8220; content_text_aligment=&#8220;center&#8220; css=&#8220;.vc_custom_1588015206994{padding-top: -100px !important;padding-bottom: 0px !important;}&#8220; simple_background_color=&#8220;#000000&#8243;][vc_column css=&#8220;.vc_custom_1592213253458{margin-top: 30px !important;margin-left: -10px !important;}&#8220;][vc_column_text][\/vc_column_text][\/vc_column][\/vc_row][vc_row row_content_width=&#8220;grid&#8220; content_text_aligment=&#8220;center&#8220; css=&#8220;.vc_custom_1553182949326{padding-top: 120px !important;padding-bottom: 135px !important;}&#8220;][vc_column css=&#8220;.vc_custom_1592206995755{margin-top: -70px !important;margin-bottom: -30px !important;}&#8220;][vc_column_text] Innenarchitekt*innen wissen: In einem perfekten Raum wirkt kein noch so gelungenes Detail, wenn das Licht nicht stimmt. Deshalb betrachten wir professionelle Lichtplanung als integralen [&hellip;]<\/p>\n","protected":false},"author":1,"featured_media":0,"parent":222,"menu_order":0,"comment_status":"closed","ping_status":"closed","template":"full-width.php","meta":{"_exactmetrics_skip_tracking":false,"_exactmetrics_sitenote_active":false,"_exactmetrics_sitenote_note":"","_exactmetrics_sitenote_category":0,"footnotes":""},"class_list":["post-4935","page","type-page","status-publish","hentry"],"yoast_head":"<!-- This site is optimized with the Yoast SEO plugin v27.6 - https:\/\/yoast.com\/product\/yoast-seo-wordpress\/ -->\n<title>Licht - Minotti<\/title>\n<meta name=\"description\" content=\"In einem perfekten Raum wirkt kein noch so gelungenes Detail, wenn das Licht nicht stimmt. Deshalb betrachten wir bei Minotti Berlin professionelle Lichtplanung als integralen Bestandteil jeder guten Einrichtung.\" \/>\n<meta name=\"robots\" content=\"index, follow, max-snippet:-1, max-image-preview:large, max-video-preview:-1\" \/>\n<link rel=\"canonical\" href=\"https:\/\/www.minotti-berlin.de\/de\/einrichtungsplanung\/licht\/\" \/>\n<meta property=\"og:locale\" content=\"de_DE\" \/>\n<meta property=\"og:type\" content=\"article\" \/>\n<meta property=\"og:title\" content=\"Licht - Minotti\" \/>\n<meta property=\"og:description\" content=\"In einem perfekten Raum wirkt kein noch so gelungenes Detail, wenn das Licht nicht stimmt. Deshalb betrachten wir bei Minotti Berlin professionelle Lichtplanung als integralen Bestandteil jeder guten Einrichtung.\" \/>\n<meta property=\"og:url\" content=\"https:\/\/www.minotti-berlin.de\/de\/einrichtungsplanung\/licht\/\" \/>\n<meta property=\"og:site_name\" content=\"Minotti\" \/>\n<meta property=\"article:modified_time\" content=\"2020-12-22T13:37:46+00:00\" \/>\n<meta name=\"twitter:card\" content=\"summary_large_image\" \/>\n<meta name=\"twitter:label1\" content=\"Gesch\u00e4tzte Lesezeit\" \/>\n\t<meta name=\"twitter:data1\" content=\"1\u00a0Minute\" \/>\n<script type=\"application\/ld+json\" class=\"yoast-schema-graph\">{\"@context\":\"https:\\\/\\\/schema.org\",\"@graph\":[{\"@type\":\"WebPage\",\"@id\":\"https:\\\/\\\/www.minotti-berlin.de\\\/de\\\/einrichtungsplanung\\\/licht\\\/\",\"url\":\"https:\\\/\\\/www.minotti-berlin.de\\\/de\\\/einrichtungsplanung\\\/licht\\\/\",\"name\":\"Licht - Minotti\",\"isPartOf\":{\"@id\":\"https:\\\/\\\/www.minotti-berlin.de\\\/de\\\/#website\"},\"datePublished\":\"2020-05-13T14:13:07+00:00\",\"dateModified\":\"2020-12-22T13:37:46+00:00\",\"description\":\"In einem perfekten Raum wirkt kein noch so gelungenes Detail, wenn das Licht nicht stimmt. Deshalb betrachten wir bei Minotti Berlin professionelle Lichtplanung als integralen Bestandteil jeder guten Einrichtung.\",\"breadcrumb\":{\"@id\":\"https:\\\/\\\/www.minotti-berlin.de\\\/de\\\/einrichtungsplanung\\\/licht\\\/#breadcrumb\"},\"inLanguage\":\"de\",\"potentialAction\":[{\"@type\":\"ReadAction\",\"target\":[\"https:\\\/\\\/www.minotti-berlin.de\\\/de\\\/einrichtungsplanung\\\/licht\\\/\"]}]},{\"@type\":\"BreadcrumbList\",\"@id\":\"https:\\\/\\\/www.minotti-berlin.de\\\/de\\\/einrichtungsplanung\\\/licht\\\/#breadcrumb\",\"itemListElement\":[{\"@type\":\"ListItem\",\"position\":1,\"name\":\"Startseite\",\"item\":\"https:\\\/\\\/www.minotti-berlin.de\\\/de\\\/\"},{\"@type\":\"ListItem\",\"position\":2,\"name\":\"Einrichtungsplanung\",\"item\":\"https:\\\/\\\/www.minotti-berlin.de\\\/de\\\/einrichtungsplanung\\\/\"},{\"@type\":\"ListItem\",\"position\":3,\"name\":\"Licht\"}]},{\"@type\":\"WebSite\",\"@id\":\"https:\\\/\\\/www.minotti-berlin.de\\\/de\\\/#website\",\"url\":\"https:\\\/\\\/www.minotti-berlin.de\\\/de\\\/\",\"name\":\"Minotti\",\"description\":\"Berlin\",\"potentialAction\":[{\"@type\":\"SearchAction\",\"target\":{\"@type\":\"EntryPoint\",\"urlTemplate\":\"https:\\\/\\\/www.minotti-berlin.de\\\/de\\\/?s={search_term_string}\"},\"query-input\":{\"@type\":\"PropertyValueSpecification\",\"valueRequired\":true,\"valueName\":\"search_term_string\"}}],\"inLanguage\":\"de\"}]}<\/script>\n<!-- \/ Yoast SEO plugin. -->","yoast_head_json":{"title":"Licht - Minotti","description":"In einem perfekten Raum wirkt kein noch so gelungenes Detail, wenn das Licht nicht stimmt. Deshalb betrachten wir bei Minotti Berlin professionelle Lichtplanung als integralen Bestandteil jeder guten Einrichtung.","robots":{"index":"index","follow":"follow","max-snippet":"max-snippet:-1","max-image-preview":"max-image-preview:large","max-video-preview":"max-video-preview:-1"},"canonical":"https:\/\/www.minotti-berlin.de\/de\/einrichtungsplanung\/licht\/","og_locale":"de_DE","og_type":"article","og_title":"Licht - Minotti","og_description":"In einem perfekten Raum wirkt kein noch so gelungenes Detail, wenn das Licht nicht stimmt. Deshalb betrachten wir bei Minotti Berlin professionelle Lichtplanung als integralen Bestandteil jeder guten Einrichtung.","og_url":"https:\/\/www.minotti-berlin.de\/de\/einrichtungsplanung\/licht\/","og_site_name":"Minotti","article_modified_time":"2020-12-22T13:37:46+00:00","twitter_card":"summary_large_image","twitter_misc":{"Gesch\u00e4tzte Lesezeit":"1\u00a0Minute"},"schema":{"@context":"https:\/\/schema.org","@graph":[{"@type":"WebPage","@id":"https:\/\/www.minotti-berlin.de\/de\/einrichtungsplanung\/licht\/","url":"https:\/\/www.minotti-berlin.de\/de\/einrichtungsplanung\/licht\/","name":"Licht - Minotti","isPartOf":{"@id":"https:\/\/www.minotti-berlin.de\/de\/#website"},"datePublished":"2020-05-13T14:13:07+00:00","dateModified":"2020-12-22T13:37:46+00:00","description":"In einem perfekten Raum wirkt kein noch so gelungenes Detail, wenn das Licht nicht stimmt. Deshalb betrachten wir bei Minotti Berlin professionelle Lichtplanung als integralen Bestandteil jeder guten Einrichtung.","breadcrumb":{"@id":"https:\/\/www.minotti-berlin.de\/de\/einrichtungsplanung\/licht\/#breadcrumb"},"inLanguage":"de","potentialAction":[{"@type":"ReadAction","target":["https:\/\/www.minotti-berlin.de\/de\/einrichtungsplanung\/licht\/"]}]},{"@type":"BreadcrumbList","@id":"https:\/\/www.minotti-berlin.de\/de\/einrichtungsplanung\/licht\/#breadcrumb","itemListElement":[{"@type":"ListItem","position":1,"name":"Startseite","item":"https:\/\/www.minotti-berlin.de\/de\/"},{"@type":"ListItem","position":2,"name":"Einrichtungsplanung","item":"https:\/\/www.minotti-berlin.de\/de\/einrichtungsplanung\/"},{"@type":"ListItem","position":3,"name":"Licht"}]},{"@type":"WebSite","@id":"https:\/\/www.minotti-berlin.de\/de\/#website","url":"https:\/\/www.minotti-berlin.de\/de\/","name":"Minotti","description":"Berlin","potentialAction":[{"@type":"SearchAction","target":{"@type":"EntryPoint","urlTemplate":"https:\/\/www.minotti-berlin.de\/de\/?s={search_term_string}"},"query-input":{"@type":"PropertyValueSpecification","valueRequired":true,"valueName":"search_term_string"}}],"inLanguage":"de"}]}},"_links":{"self":[{"href":"https:\/\/www.minotti-berlin.de\/de\/wp-json\/wp\/v2\/pages\/4935","targetHints":{"allow":["GET"]}}],"collection":[{"href":"https:\/\/www.minotti-berlin.de\/de\/wp-json\/wp\/v2\/pages"}],"about":[{"href":"https:\/\/www.minotti-berlin.de\/de\/wp-json\/wp\/v2\/types\/page"}],"author":[{"embeddable":true,"href":"https:\/\/www.minotti-berlin.de\/de\/wp-json\/wp\/v2\/users\/1"}],"replies":[{"embeddable":true,"href":"https:\/\/www.minotti-berlin.de\/de\/wp-json\/wp\/v2\/comments?post=4935"}],"version-history":[{"count":9,"href":"https:\/\/www.minotti-berlin.de\/de\/wp-json\/wp\/v2\/pages\/4935\/revisions"}],"predecessor-version":[{"id":5596,"href":"https:\/\/www.minotti-berlin.de\/de\/wp-json\/wp\/v2\/pages\/4935\/revisions\/5596"}],"up":[{"embeddable":true,"href":"https:\/\/www.minotti-berlin.de\/de\/wp-json\/wp\/v2\/pages\/222"}],"wp:attachment":[{"href":"https:\/\/www.minotti-berlin.de\/de\/wp-json\/wp\/v2\/media?parent=4935"}],"curies":[{"name":"wp","href":"https:\/\/api.w.org\/{rel}","templated":true}]}}