{"id":4932,"date":"2020-05-13T13:43:13","date_gmt":"2020-05-13T13:43:13","guid":{"rendered":"https:\/\/www.netfours.de\/dev\/?page_id=4932"},"modified":"2020-12-22T13:33:30","modified_gmt":"2020-12-22T13:33:30","slug":"einrichtung","status":"publish","type":"page","link":"https:\/\/www.minotti-berlin.de\/de\/einrichtungsplanung\/einrichtung\/","title":{"rendered":"Einrichtung"},"content":{"rendered":"<div class=\"wpb-content-wrapper\"><p>[vc_row row_content_width=&#8220;grid&#8220; content_text_aligment=&#8220;center&#8220; css=&#8220;.vc_custom_1588015206994{padding-top: -100px !important;padding-bottom: 0px !important;}&#8220; simple_background_color=&#8220;#000000&#8243;][vc_column css=&#8220;.vc_custom_1592213184524{margin-top: 30px !important;margin-left: -10px !important;}&#8220;][vc_column_text]\t\t\t<!-- Flexy Breadcrumb -->\r\n\t\t\t<div class=\"fbc fbc-page\">\r\n\r\n\t\t\t\t<!-- Breadcrumb wrapper -->\r\n\t\t\t\t<div class=\"fbc-wrap\">\r\n\r\n\t\t\t\t\t<!-- Ordered list-->\r\n\t\t\t\t\t<ol class=\"fbc-items\" itemscope itemtype=\"https:\/\/schema.org\/BreadcrumbList\">\r\n\t\t\t\t\t\t            <li itemprop=\"itemListElement\" itemscope itemtype=\"https:\/\/schema.org\/ListItem\">\r\n                <span itemprop=\"name\">\r\n                    <!-- Home Link -->\r\n                    <a itemprop=\"item\" href=\"https:\/\/www.minotti-berlin.de\/de\">\r\n                    \r\n                        Home                    <\/a>\r\n                <\/span>\r\n                <meta itemprop=\"position\" content=\"1\" \/><!-- Meta Position-->\r\n             <\/li><li><span class=\"fbc-separator\"> - <\/span><\/li><li class=\"active\" itemprop=\"itemListElement\" itemscope itemtype=\"https:\/\/schema.org\/ListItem\"><span itemprop=\"name\" title=\"Einrichtung\">Einrichtung<\/span><meta itemprop=\"position\" content=\"2\" \/><\/li>\t\t\t\t\t<\/ol>\r\n\t\t\t\t\t<div class=\"clearfix\"><\/div>\r\n\t\t\t\t<\/div>\r\n\t\t\t<\/div>\r\n\t\t\t[\/vc_column_text][\/vc_column][\/vc_row][vc_row row_content_width=&#8220;grid&#8220; content_text_aligment=&#8220;left&#8220; css=&#8220;.vc_custom_1553182949326{padding-top: 120px !important;padding-bottom: 50px !important;}&#8220;][vc_column css=&#8220;.vc_custom_1591988773300{margin-top: -70px !important;}&#8220;][vc_column_text]<\/p>\n<p class=\"p2\" style=\"text-align: left;\">Zahlreiche Bauherr*innen, Architekt*innen und Bautr\u00e4ger*innen vertrauen seit Jahren auf die Expertise des Minotti Berlin-Teams \u2013 denn sie wissen, welche hohen Anspr\u00fcche die Minotti-Familie bei der Auswahl ihrer Partner stellt und was dies f\u00fcr die Realisierung von Projekten bedeutet: Verl\u00e4sslichkeit bei der Konzeption von Wohnungseinrichtungen, Inneneinrichtung von Privath\u00e4usern und auch zahlreichen Gewerbeprojekten.<\/p>\n<p>Wir beraten Sie bei der Auswahl von Einzelstu\u0308cken bis hin zu der Planung und Durchfu\u0308hrung komplexer Einrichtungsvorhaben.[\/vc_column_text][\/vc_column][\/vc_row][vc_row row_content_width=&#8220;grid&#8220; content_text_aligment=&#8220;left&#8220; css=&#8220;.vc_custom_1552300942000{padding-top: 127px !important;padding-bottom: 0px !important;}&#8220;][vc_column]<div class=\"mkdf-process-holder  mkdf-three-columns mkdf-responsive-768\">\n\t<div class=\"mkdf-process-inner\">\n\t\t<div class=\"mkdf-process-item \">\n\t<span class=\"mkdf-process-mark arrow_right\"><\/span>\n\t<div class=\"mkdf-pi-content\">\n\t\t<div class=\"mkdf-pi-svg\" >\n\t\t\t<svg version=\"1.1\" xmlns=\"http:\/\/www.w3.org\/2000\/svg\" xmlns:xlink=\"http:\/\/www.w3.org\/1999\/xlink\" x=\"0px\" y=\"0px\"\nwidth=\"75px\" height=\"75px\" viewBox=\"0 0 75 75\" enable-background=\"new 0 0 75 75\" xml:space=\"preserve\">\n<path fill=\"none\" stroke=\"#ffffff\" stroke-width=\"0.5\" stroke-linecap=\"round\" stroke-linejoin=\"round\" stroke-miterlimit=\"22.9256\" d=\"\nM4.288,1.725h66.424c1.409,0,2.563,1.155,2.563,2.564v66.424c0,1.41-1.153,2.563-2.563,2.563H4.288\nc-1.409,0-2.563-1.152-2.563-2.563V4.289C1.725,2.88,2.879,1.725,4.288,1.725L4.288,1.725z M37.5,1.725v71.55 M8.965,8.694h21.226\nv57.613H8.965V8.694L8.965,8.694z\"\/>\n<polygon fill=\"none\" stroke=\"#ffffff\" stroke-width=\"0.5\" stroke-linecap=\"round\" stroke-linejoin=\"round\" stroke-miterlimit=\"22.9256\" points=\"\n44.809,8.694 66.036,8.694 66.036,24.004 44.809,24.004 44.809,8.694 \"\/>\n<polygon fill=\"none\" stroke=\"#ffffff\" stroke-width=\"0.5\" stroke-linecap=\"round\" stroke-linejoin=\"round\" stroke-miterlimit=\"22.9256\" points=\"\n44.809,32.398 66.036,32.398 66.036,66.307 44.809,66.307 44.809,32.398 \"\/>\n<\/svg>\t\t<\/div>\n\t\t\t\t\t<h5 class=\"mkdf-pi-title\" >GRUNDLAGENGESPR\u00c4CH<\/h5>\n\t\t\t\t\t\t\t<p class=\"mkdf-pi-text\" >Am Anfang h\u00f6ren wir gut zu. Denn wir wollen Sie erstmal kennenlernen. Sie schildern uns Ihre Vorstellungen und was Sie sich von Ihrem Zuhause und einer neuen Einrichtung w\u00fcnschen. Wir erl\u00e4utern unsere Arbeit und wie wir bei der Erarbeitung eines Konzepts vorgehen, das Ihren Anspr\u00fcchen gerecht wird.<\/p>\n\t\t\t<\/div>\n<\/div><div class=\"mkdf-process-item \">\n\t<span class=\"mkdf-process-mark arrow_right\"><\/span>\n\t<div class=\"mkdf-pi-content\">\n\t\t<div class=\"mkdf-pi-svg\" >\n\t\t\t<svg version=\"1.1\" xmlns=\"http:\/\/www.w3.org\/2000\/svg\" xmlns:xlink=\"http:\/\/www.w3.org\/1999\/xlink\" x=\"0px\" y=\"0px\"\nwidth=\"75px\" height=\"75px\" viewBox=\"0 0 75 75\" enable-background=\"new 0 0 75 75\" xml:space=\"preserve\">\n<polygon fill=\"none\" stroke=\"#FFFFFF\" stroke-width=\"0.5\" stroke-linecap=\"round\" stroke-linejoin=\"round\" stroke-miterlimit=\"22.9256\" points=\"\n73.41,1.791 1.962,73.238 73.41,73.238 73.41,1.791 \"\/>\n<polygon fill=\"none\" stroke=\"#FFFFFF\" stroke-width=\"0.5\" stroke-linecap=\"round\" stroke-linejoin=\"round\" stroke-miterlimit=\"22.9256\" points=\"\n57.247,38.919 39.087,57.078 57.247,57.078 57.247,38.919 \"\/>\n<line fill=\"none\" stroke=\"#FFFFFF\" stroke-width=\"0.5\" stroke-linecap=\"round\" stroke-linejoin=\"round\" stroke-miterlimit=\"22.9256\" x1=\"73.407\" y1=\"63.006\" x2=\"65.456\" y2=\"63.006\"\/>\n<line fill=\"none\" stroke=\"#FFFFFF\" stroke-width=\"0.5\" stroke-linecap=\"round\" stroke-linejoin=\"round\" stroke-miterlimit=\"22.9256\" x1=\"73.407\" y1=\"52.652\" x2=\"68.479\" y2=\"52.652\"\/>\n<line fill=\"none\" stroke=\"#FFFFFF\" stroke-width=\"0.5\" stroke-linecap=\"round\" stroke-linejoin=\"round\" stroke-miterlimit=\"22.9256\" x1=\"73.407\" y1=\"42.299\" x2=\"65.456\" y2=\"42.299\"\/>\n<line fill=\"none\" stroke=\"#FFFFFF\" stroke-width=\"0.5\" stroke-linecap=\"round\" stroke-linejoin=\"round\" stroke-miterlimit=\"22.9256\" x1=\"73.407\" y1=\"31.945\" x2=\"68.479\" y2=\"31.945\"\/>\n<line fill=\"none\" stroke=\"#FFFFFF\" stroke-width=\"0.5\" stroke-linecap=\"round\" stroke-linejoin=\"round\" stroke-miterlimit=\"22.9256\" x1=\"73.407\" y1=\"21.594\" x2=\"65.456\" y2=\"21.594\"\/>\n<polygon fill=\"none\" stroke=\"#FFFFFF\" stroke-width=\"0.5\" stroke-linecap=\"round\" stroke-linejoin=\"round\" stroke-miterlimit=\"22.9256\" points=\"\n50.053,10.374 43.073,3.392 6.845,39.617 3.601,49.844 13.828,46.6 50.053,10.374 \"\/>\n<line fill=\"none\" stroke=\"#FFFFFF\" stroke-width=\"0.5\" stroke-linecap=\"round\" stroke-linejoin=\"round\" stroke-miterlimit=\"22.9256\" x1=\"37.41\" y1=\"9.14\" x2=\"44.392\" y2=\"16.122\"\/>\n<\/svg>\t\t<\/div>\n\t\t\t\t\t<h5 class=\"mkdf-pi-title\" >VORLAGE<\/h5>\n\t\t\t\t\t\t\t<p class=\"mkdf-pi-text\" >Wir pr\u00e4sentieren Ihnen das erarbeitete Grundrisskonzept und unterbreiten konkrete Vorschl\u00e4ge f\u00fcr die M\u00f6blierung sowie die Farb- und Materialauswahl. Nach eingehender Besprechung werden Ihre Anpassungs- und \u00c4nderungsw\u00fcnsche in die Planung integriert und alle ausgew\u00e4hlten Objekte, Materialien und Oberfl\u00e4chen in einem umfassenden Entwurf zusammengef\u00fchrt.<\/p>\n\t\t\t<\/div>\n<\/div><div class=\"mkdf-process-item \">\n\t<span class=\"mkdf-process-mark arrow_right\"><\/span>\n\t<div class=\"mkdf-pi-content\">\n\t\t<div class=\"mkdf-pi-svg\" >\n\t\t\t<svg version=\"1.1\" xmlns=\"http:\/\/www.w3.org\/2000\/svg\" xmlns:xlink=\"http:\/\/www.w3.org\/1999\/xlink\" x=\"0px\" y=\"0px\"\nwidth=\"75px\" height=\"75px\" viewBox=\"0 0 75 75\" enable-background=\"new 0 0 75 75\" xml:space=\"preserve\">\n<path fill=\"none\" stroke=\"#FFFFFF\" stroke-width=\"0.5\" stroke-linecap=\"round\" stroke-linejoin=\"round\" stroke-miterlimit=\"22.9256\" d=\"\nM47.584,55.256H73.9V2H2.364v41.119V55.26 M2.364,67.344v5.934h44.191 M73.9,21.702H35.807 M35.807,35.394V21.702 M35.807,55.256\nv-8.363 M23.776,28.855h9.75 M35.302,55.275H2.364 M46.868,73.279v-18.09 M2.364,28.855h9.749 M35.807,11.169V2.807\"\/>\n<\/svg>\t\t<\/div>\n\t\t\t\t\t<h5 class=\"mkdf-pi-title\" >KONZEPTPHASE<\/h5>\n\t\t\t\t\t\t\t<p class=\"mkdf-pi-text\" >Die Erkenntnisse des Grundlagengespr\u00e4chs flie\u00dfen in ein erstes Einrichtungskonzept ein, das unsere Innenarchitekt*innen und Planer*innen auf Basis Ihrer Vorstellungen entwickeln.<\/p>\n\t\t\t<\/div>\n<\/div>\t<\/div>\n<\/div>[\/vc_column][\/vc_row][vc_row row_content_width=&#8220;grid&#8220; content_text_aligment=&#8220;left&#8220; css=&#8220;.vc_custom_1552300942000{padding-top: 50px !important;padding-bottom: 50px !important;}&#8220;][vc_column]<div class=\"mkdf-process-holder  mkdf-three-columns mkdf-responsive-768\">\n\t<div class=\"mkdf-process-inner\">\n\t\t<div class=\"mkdf-process-item \">\n\t<span class=\"mkdf-process-mark arrow_right\"><\/span>\n\t<div class=\"mkdf-pi-content\">\n\t\t<div class=\"mkdf-pi-svg\" >\n\t\t\t<svg version=\"1.1\" xmlns=\"http:\/\/www.w3.org\/2000\/svg\" xmlns:xlink=\"http:\/\/www.w3.org\/1999\/xlink\" x=\"0px\" y=\"0px\"\nwidth=\"75px\" height=\"75px\" viewBox=\"0 0 75 75\" enable-background=\"new 0 0 75 75\" xml:space=\"preserve\">\n<path fill=\"none\" stroke=\"#FFFFFF\" stroke-width=\"0.5\" stroke-linecap=\"round\" stroke-linejoin=\"round\" stroke-miterlimit=\"22.9256\" d=\"\nM47.584,55.256H73.9V2H2.364v41.119V55.26 M2.364,67.344v5.934h44.191 M73.9,21.702H35.807 M35.807,35.394V21.702 M35.807,55.256\nv-8.363 M23.776,28.855h9.75 M35.302,55.275H2.364 M46.868,73.279v-18.09 M2.364,28.855h9.749 M35.807,11.169V2.807\"\/>\n<\/svg>\t\t<\/div>\n\t\t\t\t\t<h5 class=\"mkdf-pi-title\" >UMSETZUNG<\/h5>\n\t\t\t\t\t\t\t<p class=\"mkdf-pi-text\" >Sobald Sie den vorgelegten Entw\u00fcrfen zugestimmt haben, beginnen wir mit der Umsetzung. Der*Die Innenarchitekt*in terminiert und veranlasst die daf\u00fcr n\u00f6tigen Arbeitsschritte und \u00fcbernimmt die Koordination der Abl\u00e4ufe.<\/p>\n\t\t\t<\/div>\n<\/div><div class=\"mkdf-process-item \">\n\t<span class=\"mkdf-process-mark arrow_right\"><\/span>\n\t<div class=\"mkdf-pi-content\">\n\t\t<div class=\"mkdf-pi-svg\" >\n\t\t\t<svg version=\"1.1\" xmlns=\"http:\/\/www.w3.org\/2000\/svg\" xmlns:xlink=\"http:\/\/www.w3.org\/1999\/xlink\" x=\"0px\" y=\"0px\"\nwidth=\"75px\" height=\"75px\" viewBox=\"0 0 75 75\" enable-background=\"new 0 0 75 75\" xml:space=\"preserve\">\n<path fill=\"none\" stroke=\"#FFFFFF\" stroke-width=\"0.5\" stroke-linecap=\"round\" stroke-linejoin=\"round\" stroke-miterlimit=\"22.9256\" d=\"\nM16.091,3.058c0-0.829,0.677-1.508,1.506-1.508h41.894c0.833,0,1.51,0.679,1.51,1.508v59.657c0,0.829-0.677,1.506-1.51,1.506H44.242\n\"\/>\n<path fill=\"none\" stroke=\"#FFFFFF\" stroke-width=\"0.5\" stroke-miterlimit=\"10\" d=\"M16.059,2.266l27.042,9.014\nc0.537,0.178,0.973,0.811,0.973,1.405v60.511c0,0.595-0.436,0.936-0.973,0.757l-27.042-9.015c-0.538-0.179-0.973-0.811-0.973-1.406\nV3.023C15.086,2.428,15.521,2.087,16.059,2.266L16.059,2.266z\"\/>\n<path fill=\"none\" stroke=\"#FFFFFF\" stroke-width=\"0.5\" stroke-linecap=\"round\" stroke-linejoin=\"round\" stroke-miterlimit=\"22.9256\" d=\"\nM35.595,39.506c0.985,0,1.785,0.8,1.785,1.787c0,0.986-0.8,1.784-1.785,1.784c-0.988,0-1.789-0.798-1.789-1.784\nC33.806,40.306,34.607,39.506,35.595,39.506L35.595,39.506z\"\/>\n<\/svg>\t\t<\/div>\n\t\t\t\t\t<h5 class=\"mkdf-pi-title\" >REALISIERUNG UND AUSLIEFERUNG<\/h5>\n\t\t\t\t\t\t\t<p class=\"mkdf-pi-text\" >Unser Team begleitet die Umsetzung aller n\u00f6tigen baulichen Ma\u00dfnahmen vor Ort, betreut die Auslieferung der M\u00f6bel und Einbauten und \u00fcberwacht die Montage s\u00e4mtlicher Objekte durch das hauseigene Montageteam.<\/p>\n\t\t\t<\/div>\n<\/div><div class=\"mkdf-process-item \">\n\t<span class=\"mkdf-process-mark arrow_right\"><\/span>\n\t<div class=\"mkdf-pi-content\">\n\t\t<div class=\"mkdf-pi-svg\" >\n\t\t\t<svg version=\"1.1\" xmlns=\"http:\/\/www.w3.org\/2000\/svg\" xmlns:xlink=\"http:\/\/www.w3.org\/1999\/xlink\" x=\"0px\" y=\"0px\"\nwidth=\"75px\" height=\"75px\" viewBox=\"0 0 75 75\" enable-background=\"new 0 0 75 75\" xml:space=\"preserve\">\n<path fill=\"none\" stroke=\"#ffffff\" stroke-width=\"0.5\" stroke-linecap=\"round\" stroke-linejoin=\"round\" stroke-miterlimit=\"22.9256\" d=\"\nM4.288,1.725h66.424c1.409,0,2.563,1.155,2.563,2.564v66.424c0,1.41-1.153,2.563-2.563,2.563H4.288\nc-1.409,0-2.563-1.152-2.563-2.563V4.289C1.725,2.88,2.879,1.725,4.288,1.725L4.288,1.725z M37.5,1.725v71.55 M8.965,8.694h21.226\nv57.613H8.965V8.694L8.965,8.694z\"\/>\n<polygon fill=\"none\" stroke=\"#ffffff\" stroke-width=\"0.5\" stroke-linecap=\"round\" stroke-linejoin=\"round\" stroke-miterlimit=\"22.9256\" points=\"\n44.809,8.694 66.036,8.694 66.036,24.004 44.809,24.004 44.809,8.694 \"\/>\n<polygon fill=\"none\" stroke=\"#ffffff\" stroke-width=\"0.5\" stroke-linecap=\"round\" stroke-linejoin=\"round\" stroke-miterlimit=\"22.9256\" points=\"\n44.809,32.398 66.036,32.398 66.036,66.307 44.809,66.307 44.809,32.398 \"\/>\n<\/svg>\t\t<\/div>\n\t\t\t\t\t<h5 class=\"mkdf-pi-title\" >WIR SIND WEITER F\u00dcR SIE DA<\/h5>\n\t\t\t\t\t\t\t<p class=\"mkdf-pi-text\" >Auch nach Fertigstellung des Projekts k\u00f6nnen Sie gerne auf unser Team zur\u00fcckgreifen. Beim Wunsch nach Ver\u00e4nderung, notwendigen Reparaturen und mehr. Bleiben wir einfach in Kontakt.<\/p>\n\t\t\t<\/div>\n<\/div>\t<\/div>\n<\/div>[\/vc_column][\/vc_row]<\/p>\n<\/div>","protected":false},"excerpt":{"rendered":"<p>[vc_row row_content_width=&#8220;grid&#8220; content_text_aligment=&#8220;center&#8220; css=&#8220;.vc_custom_1588015206994{padding-top: -100px !important;padding-bottom: 0px !important;}&#8220; simple_background_color=&#8220;#000000&#8243;][vc_column css=&#8220;.vc_custom_1592213184524{margin-top: 30px !important;margin-left: -10px !important;}&#8220;][vc_column_text][\/vc_column_text][\/vc_column][\/vc_row][vc_row row_content_width=&#8220;grid&#8220; content_text_aligment=&#8220;left&#8220; css=&#8220;.vc_custom_1553182949326{padding-top: 120px !important;padding-bottom: 50px !important;}&#8220;][vc_column css=&#8220;.vc_custom_1591988773300{margin-top: -70px !important;}&#8220;][vc_column_text] Zahlreiche Bauherr*innen, Architekt*innen und Bautr\u00e4ger*innen vertrauen seit Jahren auf die Expertise des Minotti Berlin-Teams \u2013 denn sie wissen, welche hohen Anspr\u00fcche die Minotti-Familie bei der Auswahl [&hellip;]<\/p>\n","protected":false},"author":1,"featured_media":0,"parent":222,"menu_order":0,"comment_status":"closed","ping_status":"closed","template":"full-width.php","meta":{"_exactmetrics_skip_tracking":false,"_exactmetrics_sitenote_active":false,"_exactmetrics_sitenote_note":"","_exactmetrics_sitenote_category":0,"footnotes":""},"class_list":["post-4932","page","type-page","status-publish","hentry"],"yoast_head":"<!-- This site is optimized with the Yoast SEO plugin v27.6 - https:\/\/yoast.com\/product\/yoast-seo-wordpress\/ -->\n<title>Einrichtung - Minotti<\/title>\n<meta name=\"description\" content=\"Minotti Berlin ber\u00e4t Sie bei der Planung Ihrer Einrichtung, bei der Auswahl von Einzelstu\u0308cken bis hin zur Durchfu\u0308hrung komplexer Einrichtungsvorhaben.\" \/>\n<meta name=\"robots\" content=\"index, follow, max-snippet:-1, max-image-preview:large, max-video-preview:-1\" \/>\n<link rel=\"canonical\" href=\"https:\/\/www.minotti-berlin.de\/de\/einrichtungsplanung\/einrichtung\/\" \/>\n<meta property=\"og:locale\" content=\"de_DE\" \/>\n<meta property=\"og:type\" content=\"article\" \/>\n<meta property=\"og:title\" content=\"Einrichtung - Minotti\" \/>\n<meta property=\"og:description\" content=\"Minotti Berlin ber\u00e4t Sie bei der Planung Ihrer Einrichtung, bei der Auswahl von Einzelstu\u0308cken bis hin zur Durchfu\u0308hrung komplexer Einrichtungsvorhaben.\" \/>\n<meta property=\"og:url\" content=\"https:\/\/www.minotti-berlin.de\/de\/einrichtungsplanung\/einrichtung\/\" \/>\n<meta property=\"og:site_name\" content=\"Minotti\" \/>\n<meta property=\"article:modified_time\" content=\"2020-12-22T13:33:30+00:00\" \/>\n<meta name=\"twitter:card\" content=\"summary_large_image\" \/>\n<meta name=\"twitter:label1\" content=\"Gesch\u00e4tzte Lesezeit\" \/>\n\t<meta name=\"twitter:data1\" content=\"8\u00a0Minuten\" \/>\n<script type=\"application\/ld+json\" class=\"yoast-schema-graph\">{\"@context\":\"https:\\\/\\\/schema.org\",\"@graph\":[{\"@type\":\"WebPage\",\"@id\":\"https:\\\/\\\/www.minotti-berlin.de\\\/de\\\/einrichtungsplanung\\\/einrichtung\\\/\",\"url\":\"https:\\\/\\\/www.minotti-berlin.de\\\/de\\\/einrichtungsplanung\\\/einrichtung\\\/\",\"name\":\"Einrichtung - Minotti\",\"isPartOf\":{\"@id\":\"https:\\\/\\\/www.minotti-berlin.de\\\/de\\\/#website\"},\"datePublished\":\"2020-05-13T13:43:13+00:00\",\"dateModified\":\"2020-12-22T13:33:30+00:00\",\"description\":\"Minotti Berlin ber\u00e4t Sie bei der Planung Ihrer Einrichtung, bei der Auswahl von Einzelstu\u0308cken bis hin zur Durchfu\u0308hrung komplexer Einrichtungsvorhaben.\",\"breadcrumb\":{\"@id\":\"https:\\\/\\\/www.minotti-berlin.de\\\/de\\\/einrichtungsplanung\\\/einrichtung\\\/#breadcrumb\"},\"inLanguage\":\"de\",\"potentialAction\":[{\"@type\":\"ReadAction\",\"target\":[\"https:\\\/\\\/www.minotti-berlin.de\\\/de\\\/einrichtungsplanung\\\/einrichtung\\\/\"]}]},{\"@type\":\"BreadcrumbList\",\"@id\":\"https:\\\/\\\/www.minotti-berlin.de\\\/de\\\/einrichtungsplanung\\\/einrichtung\\\/#breadcrumb\",\"itemListElement\":[{\"@type\":\"ListItem\",\"position\":1,\"name\":\"Startseite\",\"item\":\"https:\\\/\\\/www.minotti-berlin.de\\\/de\\\/\"},{\"@type\":\"ListItem\",\"position\":2,\"name\":\"Einrichtungsplanung\",\"item\":\"https:\\\/\\\/www.minotti-berlin.de\\\/de\\\/einrichtungsplanung\\\/\"},{\"@type\":\"ListItem\",\"position\":3,\"name\":\"Einrichtung\"}]},{\"@type\":\"WebSite\",\"@id\":\"https:\\\/\\\/www.minotti-berlin.de\\\/de\\\/#website\",\"url\":\"https:\\\/\\\/www.minotti-berlin.de\\\/de\\\/\",\"name\":\"Minotti\",\"description\":\"Berlin\",\"potentialAction\":[{\"@type\":\"SearchAction\",\"target\":{\"@type\":\"EntryPoint\",\"urlTemplate\":\"https:\\\/\\\/www.minotti-berlin.de\\\/de\\\/?s={search_term_string}\"},\"query-input\":{\"@type\":\"PropertyValueSpecification\",\"valueRequired\":true,\"valueName\":\"search_term_string\"}}],\"inLanguage\":\"de\"}]}<\/script>\n<!-- \/ Yoast SEO plugin. -->","yoast_head_json":{"title":"Einrichtung - Minotti","description":"Minotti Berlin ber\u00e4t Sie bei der Planung Ihrer Einrichtung, bei der Auswahl von Einzelstu\u0308cken bis hin zur Durchfu\u0308hrung komplexer Einrichtungsvorhaben.","robots":{"index":"index","follow":"follow","max-snippet":"max-snippet:-1","max-image-preview":"max-image-preview:large","max-video-preview":"max-video-preview:-1"},"canonical":"https:\/\/www.minotti-berlin.de\/de\/einrichtungsplanung\/einrichtung\/","og_locale":"de_DE","og_type":"article","og_title":"Einrichtung - Minotti","og_description":"Minotti Berlin ber\u00e4t Sie bei der Planung Ihrer Einrichtung, bei der Auswahl von Einzelstu\u0308cken bis hin zur Durchfu\u0308hrung komplexer Einrichtungsvorhaben.","og_url":"https:\/\/www.minotti-berlin.de\/de\/einrichtungsplanung\/einrichtung\/","og_site_name":"Minotti","article_modified_time":"2020-12-22T13:33:30+00:00","twitter_card":"summary_large_image","twitter_misc":{"Gesch\u00e4tzte Lesezeit":"8\u00a0Minuten"},"schema":{"@context":"https:\/\/schema.org","@graph":[{"@type":"WebPage","@id":"https:\/\/www.minotti-berlin.de\/de\/einrichtungsplanung\/einrichtung\/","url":"https:\/\/www.minotti-berlin.de\/de\/einrichtungsplanung\/einrichtung\/","name":"Einrichtung - Minotti","isPartOf":{"@id":"https:\/\/www.minotti-berlin.de\/de\/#website"},"datePublished":"2020-05-13T13:43:13+00:00","dateModified":"2020-12-22T13:33:30+00:00","description":"Minotti Berlin ber\u00e4t Sie bei der Planung Ihrer Einrichtung, bei der Auswahl von Einzelstu\u0308cken bis hin zur Durchfu\u0308hrung komplexer Einrichtungsvorhaben.","breadcrumb":{"@id":"https:\/\/www.minotti-berlin.de\/de\/einrichtungsplanung\/einrichtung\/#breadcrumb"},"inLanguage":"de","potentialAction":[{"@type":"ReadAction","target":["https:\/\/www.minotti-berlin.de\/de\/einrichtungsplanung\/einrichtung\/"]}]},{"@type":"BreadcrumbList","@id":"https:\/\/www.minotti-berlin.de\/de\/einrichtungsplanung\/einrichtung\/#breadcrumb","itemListElement":[{"@type":"ListItem","position":1,"name":"Startseite","item":"https:\/\/www.minotti-berlin.de\/de\/"},{"@type":"ListItem","position":2,"name":"Einrichtungsplanung","item":"https:\/\/www.minotti-berlin.de\/de\/einrichtungsplanung\/"},{"@type":"ListItem","position":3,"name":"Einrichtung"}]},{"@type":"WebSite","@id":"https:\/\/www.minotti-berlin.de\/de\/#website","url":"https:\/\/www.minotti-berlin.de\/de\/","name":"Minotti","description":"Berlin","potentialAction":[{"@type":"SearchAction","target":{"@type":"EntryPoint","urlTemplate":"https:\/\/www.minotti-berlin.de\/de\/?s={search_term_string}"},"query-input":{"@type":"PropertyValueSpecification","valueRequired":true,"valueName":"search_term_string"}}],"inLanguage":"de"}]}},"_links":{"self":[{"href":"https:\/\/www.minotti-berlin.de\/de\/wp-json\/wp\/v2\/pages\/4932","targetHints":{"allow":["GET"]}}],"collection":[{"href":"https:\/\/www.minotti-berlin.de\/de\/wp-json\/wp\/v2\/pages"}],"about":[{"href":"https:\/\/www.minotti-berlin.de\/de\/wp-json\/wp\/v2\/types\/page"}],"author":[{"embeddable":true,"href":"https:\/\/www.minotti-berlin.de\/de\/wp-json\/wp\/v2\/users\/1"}],"replies":[{"embeddable":true,"href":"https:\/\/www.minotti-berlin.de\/de\/wp-json\/wp\/v2\/comments?post=4932"}],"version-history":[{"count":53,"href":"https:\/\/www.minotti-berlin.de\/de\/wp-json\/wp\/v2\/pages\/4932\/revisions"}],"predecessor-version":[{"id":5536,"href":"https:\/\/www.minotti-berlin.de\/de\/wp-json\/wp\/v2\/pages\/4932\/revisions\/5536"}],"up":[{"embeddable":true,"href":"https:\/\/www.minotti-berlin.de\/de\/wp-json\/wp\/v2\/pages\/222"}],"wp:attachment":[{"href":"https:\/\/www.minotti-berlin.de\/de\/wp-json\/wp\/v2\/media?parent=4932"}],"curies":[{"name":"wp","href":"https:\/\/api.w.org\/{rel}","templated":true}]}}