{"id":4592,"date":"2020-05-01T08:03:18","date_gmt":"2020-05-01T08:03:18","guid":{"rendered":"https:\/\/www.netfours.de\/dev\/?page_id=4592"},"modified":"2023-01-10T14:39:46","modified_gmt":"2023-01-10T14:39:46","slug":"jobs","status":"publish","type":"page","link":"https:\/\/www.minotti-berlin.de\/de\/jobs\/","title":{"rendered":"Jobs"},"content":{"rendered":"<div class=\"wpb-content-wrapper\"><p>[vc_row row_content_width=&#8220;grid&#8220; content_text_aligment=&#8220;center&#8220; css=&#8220;.vc_custom_1553182949326{padding-top: 120px !important;padding-bottom: 120px !important;}&#8220;][vc_column]<div class=\"mkdf-separator-holder clearfix  mkdf-separator-left \">\n\t<div class=\"mkdf-separator\" style=\"border-style: solid;width: 30%\"><\/div>\n<\/div>\n[vc_column_text]<\/p>\n<p style=\"text-align: left;\"><strong>Interessante und qualifizierte Interior Design-Expert:innen sind f\u00fcr unser Team immer spannend \u2013 ebenso wie engagierte Teamplayer im Backoffice unseres Showrooms.<\/strong><\/p>\n<p style=\"text-align: left;\">Senden Sie gerne Ihre Initiativbewerbung an uns, wenn Sie auf der Suche nach einem au\u00dfergew\u00f6hnlichen Arbeitsplatz sind \u2013 wir freuen uns auf Ihre aussagekr\u00e4ftige Bewerbung inklusive Gehaltsvorstellung.<\/p>\n<p style=\"text-align: left;\">Bitte senden Sie diese per E-Mail an: jobs@doruhe.com<\/p>\n<p style=\"text-align: left;\">Aktuell suchen wir aktiv Verst\u00e4rkung in folgenden Bereichen:<\/p>\n<p>[\/vc_column_text][vc_empty_space height=&#8220;30px&#8220;]<div class=\"mkdf-separator-holder clearfix  mkdf-separator-left \">\n\t<div class=\"mkdf-separator\" style=\"border-style: solid;width: 30%\"><\/div>\n<\/div>\n[vc_column_text]<\/p>\n<h4 style=\"text-align: left;\">M\u00f6belmonteure (m\/w\/d)<\/h4>\n<p>[\/vc_column_text][vc_empty_space height=&#8220;15px&#8220;]<div class=\"mkdf-separator-holder clearfix  mkdf-separator-left \">\n\t<div class=\"mkdf-separator\" style=\"border-style: solid;width: 30%\"><\/div>\n<\/div>\n[vc_column_text]<\/p>\n<p style=\"text-align: left;\">Wir suchen zur Unterst\u00fctzung unseres Montageteams zum n\u00e4chstm\u00f6glichen Zeitpunkt einen<\/p>\n<h5 style=\"text-align: left;\"><strong>M\u00f6belmonteur (m\/w\/d)<\/strong><\/h5>\n<p style=\"text-align: left;\"><strong> Sie bringen mit:<\/strong><\/p>\n<ul style=\"text-align: left;\">\n<li>Ein hohes Ma\u00df an Zuverl\u00e4ssigkeit<\/li>\n<li>Eine einschl\u00e4gige, technische Berufsausbildung oder entsprechende Berufserfahrung<\/li>\n<li>Soziale Kompetenz im Kundenumgang &amp; im Team<\/li>\n<li>Gute Deutschkenntnisse in Wort und Schrift<\/li>\n<li>F\u00fchrerschein Klasse B oder h\u00f6her<\/li>\n<\/ul>\n<p style=\"text-align: left;\"><strong>Diese Vorteile bieten wir Ihnen:<\/strong><\/p>\n<ul class=\"\" style=\"text-align: left;\">\n<li class=\"\"><span class=\"\">Entlohnung mit \u00fcbertariflichem Einstieg \u00a0<\/span><\/li>\n<li class=\"\"><span class=\"\">Mitarbeiterrabatte namhafter Hersteller und Marken<\/span><\/li>\n<li class=\"\"><span class=\"\">Einen unbefristeten Arbeitsvertrag<\/span><\/li>\n<li class=\"\"><span class=\"\">P\u00fcnktliche Gehaltszahlung<\/span><\/li>\n<li class=\"\"><span class=\"\">Wachsendes Unternehmen = sicherer Job<\/span><\/li>\n<li class=\"\"><span class=\"\">F\u00f6rderungen sowie Schulungen<\/span><\/li>\n<li class=\"\"><span class=\"\">Pers\u00f6nlichkeitsentwicklung durch Coachings unseres hauseigenen Coaches<\/span><\/li>\n<li class=\"\">die M\u00f6glichkeit von Eigenverantwortung im Bereich der M\u00f6belbranche<\/li>\n<li class=\"\">schnelle Entscheidungswege, eine offene Kommunikation und Unterst\u00fctzung im Team<\/li>\n<li class=\"\">Vielf\u00e4ltige Einblicke in den Einzelhandel internationaler Premium Interior Design Marken<\/li>\n<\/ul>\n<p style=\"text-align: left;\"><strong>Weitere Informationen:<\/strong><\/p>\n<p style=\"text-align: left;\">Sie f\u00fchlen sich angesprochen?<br \/>\nWir freuen uns auf Ihre aussagekr\u00e4ftige Bewerbung inklusive Gehaltsvorstellung.<\/p>\n<p style=\"text-align: left;\">Bitte senden Sie diese per E-Mail an: <a href=\"mailto:jobs@doruhe.com\">jobs@doruhe.com<\/a><\/p>\n<p>[\/vc_column_text][\/vc_column][\/vc_row]<\/p>\n<\/div>","protected":false},"excerpt":{"rendered":"<p>[vc_row row_content_width=&#8220;grid&#8220; content_text_aligment=&#8220;center&#8220; css=&#8220;.vc_custom_1553182949326{padding-top: 120px !important;padding-bottom: 120px !important;}&#8220;][vc_column][vc_column_text] Interessante und qualifizierte Interior Design-Expert:innen sind f\u00fcr unser Team immer spannend \u2013 ebenso wie engagierte Teamplayer im Backoffice unseres Showrooms. Senden Sie gerne Ihre Initiativbewerbung an uns, wenn Sie auf der Suche nach einem au\u00dfergew\u00f6hnlichen Arbeitsplatz sind \u2013 wir freuen uns auf [&hellip;]<\/p>\n","protected":false},"author":1,"featured_media":0,"parent":0,"menu_order":0,"comment_status":"closed","ping_status":"closed","template":"full-width.php","meta":{"_exactmetrics_skip_tracking":false,"_exactmetrics_sitenote_active":false,"_exactmetrics_sitenote_note":"","_exactmetrics_sitenote_category":0,"footnotes":""},"class_list":["post-4592","page","type-page","status-publish","hentry"],"yoast_head":"<!-- This site is optimized with the Yoast SEO plugin v27.6 - https:\/\/yoast.com\/product\/yoast-seo-wordpress\/ -->\n<title>Jobs - Minotti<\/title>\n<meta name=\"description\" content=\"Jobs bei Minotti Berlin: Hier finden Sie alle Stellenangebote der Einrichtungsh\u00e4user Minotti Berlin, dopo domani International Interior Design, Herrendorf Inneneinrichtungen und Ruby design living.\" \/>\n<meta name=\"robots\" content=\"index, follow, max-snippet:-1, max-image-preview:large, max-video-preview:-1\" \/>\n<link rel=\"canonical\" href=\"https:\/\/www.minotti-berlin.de\/de\/jobs\/\" \/>\n<meta property=\"og:locale\" content=\"de_DE\" \/>\n<meta property=\"og:type\" content=\"article\" \/>\n<meta property=\"og:title\" content=\"Jobs - Minotti\" \/>\n<meta property=\"og:description\" content=\"Jobs bei Minotti Berlin: Hier finden Sie alle Stellenangebote der Einrichtungsh\u00e4user Minotti Berlin, dopo domani International Interior Design, Herrendorf Inneneinrichtungen und Ruby design living.\" \/>\n<meta property=\"og:url\" content=\"https:\/\/www.minotti-berlin.de\/de\/jobs\/\" \/>\n<meta property=\"og:site_name\" content=\"Minotti\" \/>\n<meta property=\"article:modified_time\" content=\"2023-01-10T14:39:46+00:00\" \/>\n<meta name=\"twitter:card\" content=\"summary_large_image\" \/>\n<meta name=\"twitter:label1\" content=\"Gesch\u00e4tzte Lesezeit\" \/>\n\t<meta name=\"twitter:data1\" content=\"2\u00a0Minuten\" \/>\n<script type=\"application\/ld+json\" class=\"yoast-schema-graph\">{\"@context\":\"https:\\\/\\\/schema.org\",\"@graph\":[{\"@type\":\"WebPage\",\"@id\":\"https:\\\/\\\/www.minotti-berlin.de\\\/de\\\/jobs\\\/\",\"url\":\"https:\\\/\\\/www.minotti-berlin.de\\\/de\\\/jobs\\\/\",\"name\":\"Jobs - Minotti\",\"isPartOf\":{\"@id\":\"https:\\\/\\\/www.minotti-berlin.de\\\/de\\\/#website\"},\"datePublished\":\"2020-05-01T08:03:18+00:00\",\"dateModified\":\"2023-01-10T14:39:46+00:00\",\"description\":\"Jobs bei Minotti Berlin: Hier finden Sie alle Stellenangebote der Einrichtungsh\u00e4user Minotti Berlin, dopo domani International Interior Design, Herrendorf Inneneinrichtungen und Ruby design living.\",\"breadcrumb\":{\"@id\":\"https:\\\/\\\/www.minotti-berlin.de\\\/de\\\/jobs\\\/#breadcrumb\"},\"inLanguage\":\"de\",\"potentialAction\":[{\"@type\":\"ReadAction\",\"target\":[\"https:\\\/\\\/www.minotti-berlin.de\\\/de\\\/jobs\\\/\"]}]},{\"@type\":\"BreadcrumbList\",\"@id\":\"https:\\\/\\\/www.minotti-berlin.de\\\/de\\\/jobs\\\/#breadcrumb\",\"itemListElement\":[{\"@type\":\"ListItem\",\"position\":1,\"name\":\"Startseite\",\"item\":\"https:\\\/\\\/www.minotti-berlin.de\\\/de\\\/\"},{\"@type\":\"ListItem\",\"position\":2,\"name\":\"Jobs\"}]},{\"@type\":\"WebSite\",\"@id\":\"https:\\\/\\\/www.minotti-berlin.de\\\/de\\\/#website\",\"url\":\"https:\\\/\\\/www.minotti-berlin.de\\\/de\\\/\",\"name\":\"Minotti\",\"description\":\"Berlin\",\"potentialAction\":[{\"@type\":\"SearchAction\",\"target\":{\"@type\":\"EntryPoint\",\"urlTemplate\":\"https:\\\/\\\/www.minotti-berlin.de\\\/de\\\/?s={search_term_string}\"},\"query-input\":{\"@type\":\"PropertyValueSpecification\",\"valueRequired\":true,\"valueName\":\"search_term_string\"}}],\"inLanguage\":\"de\"}]}<\/script>\n<!-- \/ Yoast SEO plugin. -->","yoast_head_json":{"title":"Jobs - Minotti","description":"Jobs bei Minotti Berlin: Hier finden Sie alle Stellenangebote der Einrichtungsh\u00e4user Minotti Berlin, dopo domani International Interior Design, Herrendorf Inneneinrichtungen und Ruby design living.","robots":{"index":"index","follow":"follow","max-snippet":"max-snippet:-1","max-image-preview":"max-image-preview:large","max-video-preview":"max-video-preview:-1"},"canonical":"https:\/\/www.minotti-berlin.de\/de\/jobs\/","og_locale":"de_DE","og_type":"article","og_title":"Jobs - Minotti","og_description":"Jobs bei Minotti Berlin: Hier finden Sie alle Stellenangebote der Einrichtungsh\u00e4user Minotti Berlin, dopo domani International Interior Design, Herrendorf Inneneinrichtungen und Ruby design living.","og_url":"https:\/\/www.minotti-berlin.de\/de\/jobs\/","og_site_name":"Minotti","article_modified_time":"2023-01-10T14:39:46+00:00","twitter_card":"summary_large_image","twitter_misc":{"Gesch\u00e4tzte Lesezeit":"2\u00a0Minuten"},"schema":{"@context":"https:\/\/schema.org","@graph":[{"@type":"WebPage","@id":"https:\/\/www.minotti-berlin.de\/de\/jobs\/","url":"https:\/\/www.minotti-berlin.de\/de\/jobs\/","name":"Jobs - Minotti","isPartOf":{"@id":"https:\/\/www.minotti-berlin.de\/de\/#website"},"datePublished":"2020-05-01T08:03:18+00:00","dateModified":"2023-01-10T14:39:46+00:00","description":"Jobs bei Minotti Berlin: Hier finden Sie alle Stellenangebote der Einrichtungsh\u00e4user Minotti Berlin, dopo domani International Interior Design, Herrendorf Inneneinrichtungen und Ruby design living.","breadcrumb":{"@id":"https:\/\/www.minotti-berlin.de\/de\/jobs\/#breadcrumb"},"inLanguage":"de","potentialAction":[{"@type":"ReadAction","target":["https:\/\/www.minotti-berlin.de\/de\/jobs\/"]}]},{"@type":"BreadcrumbList","@id":"https:\/\/www.minotti-berlin.de\/de\/jobs\/#breadcrumb","itemListElement":[{"@type":"ListItem","position":1,"name":"Startseite","item":"https:\/\/www.minotti-berlin.de\/de\/"},{"@type":"ListItem","position":2,"name":"Jobs"}]},{"@type":"WebSite","@id":"https:\/\/www.minotti-berlin.de\/de\/#website","url":"https:\/\/www.minotti-berlin.de\/de\/","name":"Minotti","description":"Berlin","potentialAction":[{"@type":"SearchAction","target":{"@type":"EntryPoint","urlTemplate":"https:\/\/www.minotti-berlin.de\/de\/?s={search_term_string}"},"query-input":{"@type":"PropertyValueSpecification","valueRequired":true,"valueName":"search_term_string"}}],"inLanguage":"de"}]}},"_links":{"self":[{"href":"https:\/\/www.minotti-berlin.de\/de\/wp-json\/wp\/v2\/pages\/4592","targetHints":{"allow":["GET"]}}],"collection":[{"href":"https:\/\/www.minotti-berlin.de\/de\/wp-json\/wp\/v2\/pages"}],"about":[{"href":"https:\/\/www.minotti-berlin.de\/de\/wp-json\/wp\/v2\/types\/page"}],"author":[{"embeddable":true,"href":"https:\/\/www.minotti-berlin.de\/de\/wp-json\/wp\/v2\/users\/1"}],"replies":[{"embeddable":true,"href":"https:\/\/www.minotti-berlin.de\/de\/wp-json\/wp\/v2\/comments?post=4592"}],"version-history":[{"count":19,"href":"https:\/\/www.minotti-berlin.de\/de\/wp-json\/wp\/v2\/pages\/4592\/revisions"}],"predecessor-version":[{"id":5819,"href":"https:\/\/www.minotti-berlin.de\/de\/wp-json\/wp\/v2\/pages\/4592\/revisions\/5819"}],"wp:attachment":[{"href":"https:\/\/www.minotti-berlin.de\/de\/wp-json\/wp\/v2\/media?parent=4592"}],"curies":[{"name":"wp","href":"https:\/\/api.w.org\/{rel}","templated":true}]}}