{"id":4585,"date":"2020-05-01T06:51:13","date_gmt":"2020-05-01T06:51:13","guid":{"rendered":"https:\/\/www.netfours.de\/dev\/?page_id=4585"},"modified":"2021-04-14T08:02:01","modified_gmt":"2021-04-14T08:02:01","slug":"impressum","status":"publish","type":"page","link":"https:\/\/www.minotti-berlin.de\/de\/impressum\/","title":{"rendered":"Impressum"},"content":{"rendered":"<div class=\"wpb-content-wrapper\"><p>[vc_row row_content_width=&#8220;grid&#8220; content_text_aligment=&#8220;center&#8220; css=&#8220;.vc_custom_1553182949326{padding-top: 120px !important;padding-bottom: 120px !important;}&#8220;][vc_column][vc_column_text]<\/p>\n<p style=\"text-align: left;\">Minotti Berlin bei Thomas Herrendorf Inneneinrichtungen GmbH &amp; Co.KG<br \/>\nLietzenburger Str. 99<br \/>\n10707 Berlin<br \/>\nGesch\u00e4ftsfu\u0308hrer: Arno Schneider<\/p>\n<h5 style=\"text-align: left;\"><strong>Kontakt<\/strong><\/h5>\n<p style=\"text-align: left;\">Tel. +49 (0)30 755 4204 \u2013 50<br \/>\nFax +49 (0)30 755 4204 \u2013 59<br \/>\nmail@herrendorf.com<br \/>\nwww.herrendorf.com<\/p>\n<h5 style=\"text-align: left;\"><strong>Umsatzsteuer-ID<\/strong><\/h5>\n<p style=\"text-align: left;\">Umsatzsteuer-Identifikationsnummer gem\u00e4\u00df \u00a7 27 a Umsatzsteuergesetz:<br \/>\nUst IdNr. DE262529941<br \/>\nEORI-Nr. DE 5542367<br \/>\nAG Charlottenburg, HRA 42012 B<\/p>\n<h5 style=\"text-align: left;\"><strong>EU-Streitschlichtung<\/strong><\/h5>\n<p style=\"text-align: left;\">Die Europ\u00e4ische Kommission stellt eine Plattform zur Online-Streitbeilegung (OS) bereit: <a href=\"https:\/\/ec.europa.eu\/consumers\/odr\" target=\"_blank\" rel=\"noopener noreferrer\">https:\/\/ec.europa.eu\/consumers\/odr<\/a>.<br \/>\nUnsere E-Mail-Adresse finden Sie oben im Impressum.<\/p>\n<h5 style=\"text-align: left;\"><strong>Verbraucher\u00adstreit\u00adbeilegung\/Universal\u00adschlichtungs\u00adstelle<\/strong><\/h5>\n<p style=\"text-align: left;\">Wir sind nicht bereit oder verpflichtet, an Streitbeilegungsverfahren vor einer Verbraucherschlichtungsstelle teilzunehmen.<\/p>\n<h5 style=\"text-align: left;\"><strong>Haftung f\u00fcr Inhalte<\/strong><\/h5>\n<p style=\"text-align: left;\">Als Diensteanbieter sind wir gem\u00e4\u00df \u00a7 7 Abs.1 TMG f\u00fcr eigene Inhalte auf diesen Seiten nach den allgemeinen Gesetzen verantwortlich. Nach \u00a7\u00a7 8 bis 10 TMG sind wir als Diensteanbieter jedoch nicht verpflichtet, \u00fcbermittelte oder gespeicherte fremde Informationen zu \u00fcberwachen oder nach Umst\u00e4nden zu forschen, die auf eine rechtswidrige T\u00e4tigkeit hinweisen.<\/p>\n<p style=\"text-align: left;\">Verpflichtungen zur Entfernung oder Sperrung der Nutzung von Informationen nach den allgemeinen Gesetzen bleiben hiervon unber\u00fchrt. Eine diesbez\u00fcgliche Haftung ist jedoch erst ab dem Zeitpunkt der Kenntnis einer konkreten Rechtsverletzung m\u00f6glich. Bei Bekanntwerden von entsprechenden Rechtsverletzungen werden wir diese Inhalte umgehend entfernen.<\/p>\n<h5 style=\"text-align: left;\"><strong>Haftung f\u00fcr Links<\/strong><\/h5>\n<p style=\"text-align: left;\">Unser Angebot enth\u00e4lt Links zu externen Websites Dritter, auf deren Inhalte wir keinen Einfluss haben. Deshalb k\u00f6nnen wir f\u00fcr diese fremden Inhalte auch keine Gew\u00e4hr \u00fcbernehmen. F\u00fcr die Inhalte der verlinkten Seiten ist stets der jeweilige Anbieter oder Betreiber der Seiten verantwortlich. Die verlinkten Seiten wurden zum Zeitpunkt der Verlinkung auf m\u00f6gliche Rechtsverst\u00f6\u00dfe \u00fcberpr\u00fcft. Rechtswidrige Inhalte waren zum Zeitpunkt der Verlinkung nicht erkennbar.<\/p>\n<p style=\"text-align: left;\">Eine permanente inhaltliche Kontrolle der verlinkten Seiten ist jedoch ohne konkrete Anhaltspunkte einer Rechtsverletzung nicht zumutbar. Bei Bekanntwerden von Rechtsverletzungen werden wir derartige Links umgehend entfernen.<\/p>\n<h5 style=\"text-align: left;\"><strong>Urheberrecht<\/strong><\/h5>\n<p style=\"text-align: left;\">Die durch die Seitenbetreiber erstellten Inhalte und Werke auf diesen Seiten unterliegen dem deutschen Urheberrecht. Die Vervielf\u00e4ltigung, Bearbeitung, Verbreitung und jede Art der Verwertung au\u00dferhalb der Grenzen des Urheberrechtes bed\u00fcrfen der schriftlichen Zustimmung des jeweiligen Autors bzw. Erstellers. Downloads und Kopien dieser Seite sind nur f\u00fcr den privaten, nicht kommerziellen Gebrauch gestattet.<\/p>\n<p style=\"text-align: left;\">Soweit die Inhalte auf dieser Seite nicht vom Betreiber erstellt wurden, werden die Urheberrechte Dritter beachtet. Insbesondere werden Inhalte Dritter als solche gekennzeichnet. Sollten Sie trotzdem auf eine Urheberrechtsverletzung aufmerksam werden, bitten wir um einen entsprechenden Hinweis. Bei Bekanntwerden von Rechtsverletzungen werden wir derartige Inhalte umgehend entfernen.<\/p>\n<p style=\"text-align: left;\">Quelle: <a href=\"https:\/\/www.e-recht24.de\">eRecht24<\/a><\/p>\n<h5 style=\"text-align: left;\"><strong>Gestaltung &amp; Umsetzung<\/strong><\/h5>\n<p style=\"text-align: left;\"><a href=\"https:\/\/www.netfours.de\" target=\"_blank\" rel=\"noopener\">NETFOURS<\/a><\/p>\n<p>[\/vc_column_text][\/vc_column][\/vc_row]<\/p>\n<\/div>","protected":false},"excerpt":{"rendered":"<p>[vc_row row_content_width=&#8220;grid&#8220; content_text_aligment=&#8220;center&#8220; css=&#8220;.vc_custom_1553182949326{padding-top: 120px !important;padding-bottom: 120px !important;}&#8220;][vc_column][vc_column_text] Minotti Berlin bei Thomas Herrendorf Inneneinrichtungen GmbH &amp; Co.KG Lietzenburger Str. 99 10707 Berlin Gesch\u00e4ftsfu\u0308hrer: Arno Schneider Kontakt Tel. +49 (0)30 755 4204 \u2013 50 Fax +49 (0)30 755 4204 \u2013 59 mail@herrendorf.com www.herrendorf.com Umsatzsteuer-ID Umsatzsteuer-Identifikationsnummer gem\u00e4\u00df \u00a7 27 a Umsatzsteuergesetz: Ust [&hellip;]<\/p>\n","protected":false},"author":1,"featured_media":0,"parent":0,"menu_order":0,"comment_status":"closed","ping_status":"closed","template":"full-width.php","meta":{"_exactmetrics_skip_tracking":false,"_exactmetrics_sitenote_active":false,"_exactmetrics_sitenote_note":"","_exactmetrics_sitenote_category":0,"footnotes":""},"class_list":["post-4585","page","type-page","status-publish","hentry"],"yoast_head":"<!-- This site is optimized with the Yoast SEO plugin v27.6 - https:\/\/yoast.com\/product\/yoast-seo-wordpress\/ -->\n<title>Impressum - Minotti<\/title>\n<meta name=\"description\" content=\"Impressum Website Minotti Berlin: Hier finden Sie alle notwendigen rechtlichen Informationen sowie unsere Adresse.\" \/>\n<meta name=\"robots\" content=\"index, follow, max-snippet:-1, max-image-preview:large, max-video-preview:-1\" \/>\n<link rel=\"canonical\" href=\"https:\/\/www.minotti-berlin.de\/de\/impressum\/\" \/>\n<meta property=\"og:locale\" content=\"de_DE\" \/>\n<meta property=\"og:type\" content=\"article\" \/>\n<meta property=\"og:title\" content=\"Impressum - Minotti\" \/>\n<meta property=\"og:description\" content=\"Impressum Website Minotti Berlin: Hier finden Sie alle notwendigen rechtlichen Informationen sowie unsere Adresse.\" \/>\n<meta property=\"og:url\" content=\"https:\/\/www.minotti-berlin.de\/de\/impressum\/\" \/>\n<meta property=\"og:site_name\" content=\"Minotti\" \/>\n<meta property=\"article:modified_time\" content=\"2021-04-14T08:02:01+00:00\" \/>\n<meta name=\"twitter:card\" content=\"summary_large_image\" \/>\n<meta name=\"twitter:label1\" content=\"Gesch\u00e4tzte Lesezeit\" \/>\n\t<meta name=\"twitter:data1\" content=\"2\u00a0Minuten\" \/>\n<script type=\"application\/ld+json\" class=\"yoast-schema-graph\">{\"@context\":\"https:\\\/\\\/schema.org\",\"@graph\":[{\"@type\":\"WebPage\",\"@id\":\"https:\\\/\\\/www.minotti-berlin.de\\\/de\\\/impressum\\\/\",\"url\":\"https:\\\/\\\/www.minotti-berlin.de\\\/de\\\/impressum\\\/\",\"name\":\"Impressum - Minotti\",\"isPartOf\":{\"@id\":\"https:\\\/\\\/www.minotti-berlin.de\\\/de\\\/#website\"},\"datePublished\":\"2020-05-01T06:51:13+00:00\",\"dateModified\":\"2021-04-14T08:02:01+00:00\",\"description\":\"Impressum Website Minotti Berlin: Hier finden Sie alle notwendigen rechtlichen Informationen sowie unsere Adresse.\",\"breadcrumb\":{\"@id\":\"https:\\\/\\\/www.minotti-berlin.de\\\/de\\\/impressum\\\/#breadcrumb\"},\"inLanguage\":\"de\",\"potentialAction\":[{\"@type\":\"ReadAction\",\"target\":[\"https:\\\/\\\/www.minotti-berlin.de\\\/de\\\/impressum\\\/\"]}]},{\"@type\":\"BreadcrumbList\",\"@id\":\"https:\\\/\\\/www.minotti-berlin.de\\\/de\\\/impressum\\\/#breadcrumb\",\"itemListElement\":[{\"@type\":\"ListItem\",\"position\":1,\"name\":\"Startseite\",\"item\":\"https:\\\/\\\/www.minotti-berlin.de\\\/de\\\/\"},{\"@type\":\"ListItem\",\"position\":2,\"name\":\"Impressum\"}]},{\"@type\":\"WebSite\",\"@id\":\"https:\\\/\\\/www.minotti-berlin.de\\\/de\\\/#website\",\"url\":\"https:\\\/\\\/www.minotti-berlin.de\\\/de\\\/\",\"name\":\"Minotti\",\"description\":\"Berlin\",\"potentialAction\":[{\"@type\":\"SearchAction\",\"target\":{\"@type\":\"EntryPoint\",\"urlTemplate\":\"https:\\\/\\\/www.minotti-berlin.de\\\/de\\\/?s={search_term_string}\"},\"query-input\":{\"@type\":\"PropertyValueSpecification\",\"valueRequired\":true,\"valueName\":\"search_term_string\"}}],\"inLanguage\":\"de\"}]}<\/script>\n<!-- \/ Yoast SEO plugin. -->","yoast_head_json":{"title":"Impressum - Minotti","description":"Impressum Website Minotti Berlin: Hier finden Sie alle notwendigen rechtlichen Informationen sowie unsere Adresse.","robots":{"index":"index","follow":"follow","max-snippet":"max-snippet:-1","max-image-preview":"max-image-preview:large","max-video-preview":"max-video-preview:-1"},"canonical":"https:\/\/www.minotti-berlin.de\/de\/impressum\/","og_locale":"de_DE","og_type":"article","og_title":"Impressum - Minotti","og_description":"Impressum Website Minotti Berlin: Hier finden Sie alle notwendigen rechtlichen Informationen sowie unsere Adresse.","og_url":"https:\/\/www.minotti-berlin.de\/de\/impressum\/","og_site_name":"Minotti","article_modified_time":"2021-04-14T08:02:01+00:00","twitter_card":"summary_large_image","twitter_misc":{"Gesch\u00e4tzte Lesezeit":"2\u00a0Minuten"},"schema":{"@context":"https:\/\/schema.org","@graph":[{"@type":"WebPage","@id":"https:\/\/www.minotti-berlin.de\/de\/impressum\/","url":"https:\/\/www.minotti-berlin.de\/de\/impressum\/","name":"Impressum - Minotti","isPartOf":{"@id":"https:\/\/www.minotti-berlin.de\/de\/#website"},"datePublished":"2020-05-01T06:51:13+00:00","dateModified":"2021-04-14T08:02:01+00:00","description":"Impressum Website Minotti Berlin: Hier finden Sie alle notwendigen rechtlichen Informationen sowie unsere Adresse.","breadcrumb":{"@id":"https:\/\/www.minotti-berlin.de\/de\/impressum\/#breadcrumb"},"inLanguage":"de","potentialAction":[{"@type":"ReadAction","target":["https:\/\/www.minotti-berlin.de\/de\/impressum\/"]}]},{"@type":"BreadcrumbList","@id":"https:\/\/www.minotti-berlin.de\/de\/impressum\/#breadcrumb","itemListElement":[{"@type":"ListItem","position":1,"name":"Startseite","item":"https:\/\/www.minotti-berlin.de\/de\/"},{"@type":"ListItem","position":2,"name":"Impressum"}]},{"@type":"WebSite","@id":"https:\/\/www.minotti-berlin.de\/de\/#website","url":"https:\/\/www.minotti-berlin.de\/de\/","name":"Minotti","description":"Berlin","potentialAction":[{"@type":"SearchAction","target":{"@type":"EntryPoint","urlTemplate":"https:\/\/www.minotti-berlin.de\/de\/?s={search_term_string}"},"query-input":{"@type":"PropertyValueSpecification","valueRequired":true,"valueName":"search_term_string"}}],"inLanguage":"de"}]}},"_links":{"self":[{"href":"https:\/\/www.minotti-berlin.de\/de\/wp-json\/wp\/v2\/pages\/4585","targetHints":{"allow":["GET"]}}],"collection":[{"href":"https:\/\/www.minotti-berlin.de\/de\/wp-json\/wp\/v2\/pages"}],"about":[{"href":"https:\/\/www.minotti-berlin.de\/de\/wp-json\/wp\/v2\/types\/page"}],"author":[{"embeddable":true,"href":"https:\/\/www.minotti-berlin.de\/de\/wp-json\/wp\/v2\/users\/1"}],"replies":[{"embeddable":true,"href":"https:\/\/www.minotti-berlin.de\/de\/wp-json\/wp\/v2\/comments?post=4585"}],"version-history":[{"count":11,"href":"https:\/\/www.minotti-berlin.de\/de\/wp-json\/wp\/v2\/pages\/4585\/revisions"}],"predecessor-version":[{"id":5741,"href":"https:\/\/www.minotti-berlin.de\/de\/wp-json\/wp\/v2\/pages\/4585\/revisions\/5741"}],"wp:attachment":[{"href":"https:\/\/www.minotti-berlin.de\/de\/wp-json\/wp\/v2\/media?parent=4585"}],"curies":[{"name":"wp","href":"https:\/\/api.w.org\/{rel}","templated":true}]}}