{"id":4569,"date":"2020-04-29T13:50:15","date_gmt":"2020-04-29T13:50:15","guid":{"rendered":"https:\/\/www.netfours.de\/dev\/?page_id=4569"},"modified":"2025-05-26T08:36:00","modified_gmt":"2025-05-26T08:36:00","slug":"showroom","status":"publish","type":"page","link":"https:\/\/www.minotti-berlin.de\/de\/showroom\/","title":{"rendered":"Showroom"},"content":{"rendered":"<div class=\"wpb-content-wrapper\"><p>[vc_row row_content_width=&#8220;grid&#8220; content_text_aligment=&#8220;center&#8220; css=&#8220;.vc_custom_1588015206994{padding-top: 123px !important;padding-bottom: 0px !important;}&#8220; simple_background_color=&#8220;#000000&#8243;][vc_column][vc_column_text]<\/p>\n<h5 style=\"text-align: center;\" data-start=\"765\" data-end=\"1064\"><strong data-start=\"765\" data-end=\"803\">Design erleben \u2013 mit allen Sinnen:<\/strong><br data-start=\"803\" data-end=\"806\" \/>Im Minotti Showroom Berlin wird Interior Design zur Erfahrung. Auf gro\u00dfz\u00fcgigen Ausstellungsfl\u00e4chen pr\u00e4sentieren wir die aktuellen Kollektionen der italienischen Premiummarke Minotti \u2013 kuratiert, inspirierend und in stilvoll inszenierten Wohnbildern erlebbar.<\/h5>\n<h5 style=\"text-align: center;\" data-start=\"1066\" data-end=\"1446\"><strong data-start=\"1066\" data-end=\"1100\">Ein Ort der Ruhe und \u00c4sthetik:<\/strong><br data-start=\"1100\" data-end=\"1103\" \/>Mitten im Herzen der City West \u2013 in der Lietzenburger Stra\u00dfe 99, unweit des Kurf\u00fcrstendamms \u2013 erwartet Sie eine au\u00dfergew\u00f6hnliche Ausstellung, die moderne Architektur, hochwertiges Interieur und pers\u00f6nliche Beratung vereint. Ob elegantes Sofa-Ensemble, Dining-Area oder Outdoor-Lounge: Hier entfaltet sich das gesamte Spektrum der Minotti Welt.<\/h5>\n<h5 style=\"text-align: center;\" data-start=\"1448\" data-end=\"1814\"><strong data-start=\"1448\" data-end=\"1500\">Pers\u00f6nliche Beratung und professionelle Planung:<\/strong><br data-start=\"1500\" data-end=\"1503\" \/>Unser Team aus Interior-Expert:innen steht Ihnen vor Ort f\u00fcr individuelle Beratungsgespr\u00e4che zur Verf\u00fcgung. Gemeinsam finden wir heraus, wie Ihre Wohn- oder Gesch\u00e4ftsr\u00e4ume durch die charakteristische Minotti \u00c4sthetik neu interpretiert werden k\u00f6nnen \u2013 stilvoll, funktional und mit einem Auge f\u00fcr das Wesentliche.<\/h5>\n<h5 style=\"text-align: center;\" data-start=\"1816\" data-end=\"2036\"><strong data-start=\"1816\" data-end=\"1858\">Ihr Besuch im Minotti Showroom Berlin:<\/strong><br data-start=\"1858\" data-end=\"1861\" \/>Erleben Sie die Verbindung von italienischer Handwerkskunst und internationalem Designverst\u00e4ndnis \u2013 in einem der exklusivsten Showrooms der Hauptstadt. Wir freuen uns auf Sie.<\/h5>\n<p>[\/vc_column_text][\/vc_column][\/vc_row][vc_row row_content_width=&#8220;grid&#8220; content_text_aligment=&#8220;left&#8220; css=&#8220;.vc_custom_1588015206994{padding-top: 123px !important;padding-bottom: 0px !important;}&#8220; simple_background_color=&#8220;#000000&#8243;][vc_column width=&#8220;1\/3&#8243;][vc_column_text]<\/p>\n<h4 style=\"text-align: left;\">KOLLEKTIONEN<\/h4>\n<p>[\/vc_column_text][vc_column_text]<\/p>\n<p style=\"text-align: left;\">F\u00fcr die Realisierung exklusiver Wohnprojekte arbeitet unser Team mit der aktuellen Minotti-Kollektion und den Minotti-Highlights der letzten siebzig Design-Jahre.<\/p>\n<p>[\/vc_column_text][vc_empty_space height=&#8220;33px&#8220;]<a itemprop=\"url\" href=\"https:\/\/www.minotti-berlin.de\/de\/showroom\/kollektionen\/\" target=\"_self\"  class=\"mkdf-btn mkdf-btn-small mkdf-btn-outline mkdf-btn-custom-hover-color\" data-hover-color=\"#000000\" >\n\t\t<span class=\"mkdf-btn-text\">Mehr erfahren<\/span>\n    <\/a>[vc_empty_space height=&#8220;55px&#8220;][\/vc_column][vc_column width=&#8220;1\/3&#8243;][vc_column_text]<\/p>\n<h4 style=\"text-align: left;\">EINRICHTUNGSPLANUNG<\/h4>\n<p>[\/vc_column_text][vc_column_text]<\/p>\n<p style=\"text-align: left;\">Minotti Berlin steht weit \u00fcber die Grenzen der Hauptstadt f\u00fcr herausragende Einrichtungsplanung mit italienischer Eleganz. Wir gestalten mit Ihnen Ihr Zuhause.<\/p>\n<p>[\/vc_column_text][vc_empty_space height=&#8220;33px&#8220;]<a itemprop=\"url\" href=\"https:\/\/www.minotti-berlin.de\/de\/einrichtungsplanung\" target=\"_self\"  class=\"mkdf-btn mkdf-btn-small mkdf-btn-outline mkdf-btn-custom-hover-color\" data-hover-color=\"#000000\" >\n\t\t<span class=\"mkdf-btn-text\">Mehr erfahren<\/span>\n    <\/a>[vc_empty_space height=&#8220;55px&#8220;][\/vc_column][vc_column width=&#8220;1\/3&#8243;][vc_column_text]<\/p>\n<h4 style=\"text-align: left;\">TEAM<\/h4>\n<p>[\/vc_column_text][vc_column_text]<\/p>\n<p style=\"text-align: left;\">Sie w\u00fcnschen Beratung? Gerne k\u00f6nnen Sie uns jederzeit ansprechen und erhalten professionelle Informationen rund um Minotti und Ihr Einrichtungsprojekt.<\/p>\n<p>[\/vc_column_text][vc_empty_space height=&#8220;33px&#8220;]<a itemprop=\"url\" href=\"https:\/\/www.minotti-berlin.de\/de\/showroom\/team-minotti-berlin\" target=\"_self\"  class=\"mkdf-btn mkdf-btn-small mkdf-btn-outline mkdf-btn-custom-hover-color\" data-hover-color=\"#000000\" >\n\t\t<span class=\"mkdf-btn-text\">Mehr erfahren<\/span>\n    <\/a>[vc_empty_space height=&#8220;55px&#8220;][\/vc_column][\/vc_row]<\/p>\n<\/div>","protected":false},"excerpt":{"rendered":"<p>[vc_row row_content_width=&#8220;grid&#8220; content_text_aligment=&#8220;center&#8220; css=&#8220;.vc_custom_1588015206994{padding-top: 123px !important;padding-bottom: 0px !important;}&#8220; simple_background_color=&#8220;#000000&#8243;][vc_column][vc_column_text] Design erleben \u2013 mit allen Sinnen:Im Minotti Showroom Berlin wird Interior Design zur Erfahrung. Auf gro\u00dfz\u00fcgigen Ausstellungsfl\u00e4chen pr\u00e4sentieren wir die aktuellen Kollektionen der italienischen Premiummarke Minotti \u2013 kuratiert, inspirierend und in stilvoll inszenierten Wohnbildern erlebbar. Ein Ort der Ruhe und \u00c4sthetik:Mitten [&hellip;]<\/p>\n","protected":false},"author":1,"featured_media":0,"parent":0,"menu_order":0,"comment_status":"closed","ping_status":"closed","template":"full-width.php","meta":{"_exactmetrics_skip_tracking":false,"_exactmetrics_sitenote_active":false,"_exactmetrics_sitenote_note":"","_exactmetrics_sitenote_category":0,"footnotes":""},"class_list":["post-4569","page","type-page","status-publish","hentry"],"yoast_head":"<!-- This site is optimized with the Yoast SEO plugin v27.6 - https:\/\/yoast.com\/product\/yoast-seo-wordpress\/ -->\n<title>Showroom - Minotti<\/title>\n<meta name=\"description\" content=\"Der 2012 er\u00f6ffnete Minotti Berlin Showroom ist Deutschlands erste Monobrand-Repr\u00e4sentanz der Marke und pr\u00e4sentiert auf zwei weitl\u00e4ufigen Etagen exzellentes M\u00f6beldesign \u201eMade in Italy\u201c.\" \/>\n<meta name=\"robots\" content=\"index, follow, max-snippet:-1, max-image-preview:large, max-video-preview:-1\" \/>\n<link rel=\"canonical\" href=\"https:\/\/www.minotti-berlin.de\/de\/showroom\/\" \/>\n<meta property=\"og:locale\" content=\"de_DE\" \/>\n<meta property=\"og:type\" content=\"article\" \/>\n<meta property=\"og:title\" content=\"Showroom - Minotti\" \/>\n<meta property=\"og:description\" content=\"Der 2012 er\u00f6ffnete Minotti Berlin Showroom ist Deutschlands erste Monobrand-Repr\u00e4sentanz der Marke und pr\u00e4sentiert auf zwei weitl\u00e4ufigen Etagen exzellentes M\u00f6beldesign \u201eMade in Italy\u201c.\" \/>\n<meta property=\"og:url\" content=\"https:\/\/www.minotti-berlin.de\/de\/showroom\/\" \/>\n<meta property=\"og:site_name\" content=\"Minotti\" \/>\n<meta property=\"article:modified_time\" content=\"2025-05-26T08:36:00+00:00\" \/>\n<meta name=\"twitter:card\" content=\"summary_large_image\" \/>\n<meta name=\"twitter:label1\" content=\"Gesch\u00e4tzte Lesezeit\" \/>\n\t<meta name=\"twitter:data1\" content=\"2\u00a0Minuten\" \/>\n<script type=\"application\/ld+json\" class=\"yoast-schema-graph\">{\"@context\":\"https:\\\/\\\/schema.org\",\"@graph\":[{\"@type\":\"WebPage\",\"@id\":\"https:\\\/\\\/www.minotti-berlin.de\\\/de\\\/showroom\\\/\",\"url\":\"https:\\\/\\\/www.minotti-berlin.de\\\/de\\\/showroom\\\/\",\"name\":\"Showroom - Minotti\",\"isPartOf\":{\"@id\":\"https:\\\/\\\/www.minotti-berlin.de\\\/de\\\/#website\"},\"datePublished\":\"2020-04-29T13:50:15+00:00\",\"dateModified\":\"2025-05-26T08:36:00+00:00\",\"description\":\"Der 2012 er\u00f6ffnete Minotti Berlin Showroom ist Deutschlands erste Monobrand-Repr\u00e4sentanz der Marke und pr\u00e4sentiert auf zwei weitl\u00e4ufigen Etagen exzellentes M\u00f6beldesign \u201eMade in Italy\u201c.\",\"breadcrumb\":{\"@id\":\"https:\\\/\\\/www.minotti-berlin.de\\\/de\\\/showroom\\\/#breadcrumb\"},\"inLanguage\":\"de\",\"potentialAction\":[{\"@type\":\"ReadAction\",\"target\":[\"https:\\\/\\\/www.minotti-berlin.de\\\/de\\\/showroom\\\/\"]}]},{\"@type\":\"BreadcrumbList\",\"@id\":\"https:\\\/\\\/www.minotti-berlin.de\\\/de\\\/showroom\\\/#breadcrumb\",\"itemListElement\":[{\"@type\":\"ListItem\",\"position\":1,\"name\":\"Startseite\",\"item\":\"https:\\\/\\\/www.minotti-berlin.de\\\/de\\\/\"},{\"@type\":\"ListItem\",\"position\":2,\"name\":\"Showroom\"}]},{\"@type\":\"WebSite\",\"@id\":\"https:\\\/\\\/www.minotti-berlin.de\\\/de\\\/#website\",\"url\":\"https:\\\/\\\/www.minotti-berlin.de\\\/de\\\/\",\"name\":\"Minotti\",\"description\":\"Berlin\",\"potentialAction\":[{\"@type\":\"SearchAction\",\"target\":{\"@type\":\"EntryPoint\",\"urlTemplate\":\"https:\\\/\\\/www.minotti-berlin.de\\\/de\\\/?s={search_term_string}\"},\"query-input\":{\"@type\":\"PropertyValueSpecification\",\"valueRequired\":true,\"valueName\":\"search_term_string\"}}],\"inLanguage\":\"de\"}]}<\/script>\n<!-- \/ Yoast SEO plugin. -->","yoast_head_json":{"title":"Showroom - Minotti","description":"Der 2012 er\u00f6ffnete Minotti Berlin Showroom ist Deutschlands erste Monobrand-Repr\u00e4sentanz der Marke und pr\u00e4sentiert auf zwei weitl\u00e4ufigen Etagen exzellentes M\u00f6beldesign \u201eMade in Italy\u201c.","robots":{"index":"index","follow":"follow","max-snippet":"max-snippet:-1","max-image-preview":"max-image-preview:large","max-video-preview":"max-video-preview:-1"},"canonical":"https:\/\/www.minotti-berlin.de\/de\/showroom\/","og_locale":"de_DE","og_type":"article","og_title":"Showroom - Minotti","og_description":"Der 2012 er\u00f6ffnete Minotti Berlin Showroom ist Deutschlands erste Monobrand-Repr\u00e4sentanz der Marke und pr\u00e4sentiert auf zwei weitl\u00e4ufigen Etagen exzellentes M\u00f6beldesign \u201eMade in Italy\u201c.","og_url":"https:\/\/www.minotti-berlin.de\/de\/showroom\/","og_site_name":"Minotti","article_modified_time":"2025-05-26T08:36:00+00:00","twitter_card":"summary_large_image","twitter_misc":{"Gesch\u00e4tzte Lesezeit":"2\u00a0Minuten"},"schema":{"@context":"https:\/\/schema.org","@graph":[{"@type":"WebPage","@id":"https:\/\/www.minotti-berlin.de\/de\/showroom\/","url":"https:\/\/www.minotti-berlin.de\/de\/showroom\/","name":"Showroom - Minotti","isPartOf":{"@id":"https:\/\/www.minotti-berlin.de\/de\/#website"},"datePublished":"2020-04-29T13:50:15+00:00","dateModified":"2025-05-26T08:36:00+00:00","description":"Der 2012 er\u00f6ffnete Minotti Berlin Showroom ist Deutschlands erste Monobrand-Repr\u00e4sentanz der Marke und pr\u00e4sentiert auf zwei weitl\u00e4ufigen Etagen exzellentes M\u00f6beldesign \u201eMade in Italy\u201c.","breadcrumb":{"@id":"https:\/\/www.minotti-berlin.de\/de\/showroom\/#breadcrumb"},"inLanguage":"de","potentialAction":[{"@type":"ReadAction","target":["https:\/\/www.minotti-berlin.de\/de\/showroom\/"]}]},{"@type":"BreadcrumbList","@id":"https:\/\/www.minotti-berlin.de\/de\/showroom\/#breadcrumb","itemListElement":[{"@type":"ListItem","position":1,"name":"Startseite","item":"https:\/\/www.minotti-berlin.de\/de\/"},{"@type":"ListItem","position":2,"name":"Showroom"}]},{"@type":"WebSite","@id":"https:\/\/www.minotti-berlin.de\/de\/#website","url":"https:\/\/www.minotti-berlin.de\/de\/","name":"Minotti","description":"Berlin","potentialAction":[{"@type":"SearchAction","target":{"@type":"EntryPoint","urlTemplate":"https:\/\/www.minotti-berlin.de\/de\/?s={search_term_string}"},"query-input":{"@type":"PropertyValueSpecification","valueRequired":true,"valueName":"search_term_string"}}],"inLanguage":"de"}]}},"_links":{"self":[{"href":"https:\/\/www.minotti-berlin.de\/de\/wp-json\/wp\/v2\/pages\/4569","targetHints":{"allow":["GET"]}}],"collection":[{"href":"https:\/\/www.minotti-berlin.de\/de\/wp-json\/wp\/v2\/pages"}],"about":[{"href":"https:\/\/www.minotti-berlin.de\/de\/wp-json\/wp\/v2\/types\/page"}],"author":[{"embeddable":true,"href":"https:\/\/www.minotti-berlin.de\/de\/wp-json\/wp\/v2\/users\/1"}],"replies":[{"embeddable":true,"href":"https:\/\/www.minotti-berlin.de\/de\/wp-json\/wp\/v2\/comments?post=4569"}],"version-history":[{"count":51,"href":"https:\/\/www.minotti-berlin.de\/de\/wp-json\/wp\/v2\/pages\/4569\/revisions"}],"predecessor-version":[{"id":5868,"href":"https:\/\/www.minotti-berlin.de\/de\/wp-json\/wp\/v2\/pages\/4569\/revisions\/5868"}],"wp:attachment":[{"href":"https:\/\/www.minotti-berlin.de\/de\/wp-json\/wp\/v2\/media?parent=4569"}],"curies":[{"name":"wp","href":"https:\/\/api.w.org\/{rel}","templated":true}]}}