{"id":4555,"date":"2020-04-27T20:50:27","date_gmt":"2020-04-27T20:50:27","guid":{"rendered":"https:\/\/www.netfours.de\/dev\/?page_id=4555"},"modified":"2023-01-27T06:40:04","modified_gmt":"2023-01-27T06:40:04","slug":"materialien","status":"publish","type":"page","link":"https:\/\/www.minotti-berlin.de\/de\/materialien\/","title":{"rendered":"Materialien"},"content":{"rendered":"<div class=\"wpb-content-wrapper\"><p>[vc_row row_content_width=&#8220;grid&#8220; content_text_aligment=&#8220;center&#8220; css=&#8220;.vc_custom_1599487094897{padding-top: 123px !important;padding-bottom: 75px !important;}&#8220; simple_background_color=&#8220;#000000&#8243;][vc_column][vc_column_text]<\/p>\n<h5 class=\"p1\" style=\"text-align: center; text-transform: none;\">Bei Minotti Berlin erleben Sie das, wof\u00fcr der Traditionsbetrieb aus der Lombardei von jeher steht: zeitgen\u00f6ssisches Design, klassische Handwerkskunst und technisch avancierte Fertigung.<\/h5>\n<h5 class=\"p1\" style=\"text-align: center; text-transform: none;\">Zum unnachahmlichen Lifestyle Minottis z\u00e4hlt auch die umfangreiche Auswahl an exklusivsten Stoffen, feinsten Lederarten und besten Materialien zur Gestaltung von Sitzm\u00f6beln und weiterer Einrichtungsst\u00fccken.<\/h5>\n<h5 class=\"p1\" style=\"text-align: center; text-transform: none;\">Unsere Stoffexpert*innen zeigen Ihnen gerne in unserem gro\u00dfen Minotti Material-Atelier die fast grenzenlosen M\u00f6glichkeiten.<\/h5>\n<p>[\/vc_column_text][\/vc_column][\/vc_row]<\/p>\n<\/div>","protected":false},"excerpt":{"rendered":"<p>[vc_row row_content_width=&#8220;grid&#8220; content_text_aligment=&#8220;center&#8220; css=&#8220;.vc_custom_1599487094897{padding-top: 123px !important;padding-bottom: 75px !important;}&#8220; simple_background_color=&#8220;#000000&#8243;][vc_column][vc_column_text] Bei Minotti Berlin erleben Sie das, wof\u00fcr der Traditionsbetrieb aus der Lombardei von jeher steht: zeitgen\u00f6ssisches Design, klassische Handwerkskunst und technisch avancierte Fertigung. Zum unnachahmlichen Lifestyle Minottis z\u00e4hlt auch die umfangreiche Auswahl an exklusivsten Stoffen, feinsten Lederarten und besten Materialien zur [&hellip;]<\/p>\n","protected":false},"author":1,"featured_media":0,"parent":0,"menu_order":0,"comment_status":"closed","ping_status":"closed","template":"full-width.php","meta":{"_exactmetrics_skip_tracking":false,"_exactmetrics_sitenote_active":false,"_exactmetrics_sitenote_note":"","_exactmetrics_sitenote_category":0,"footnotes":""},"class_list":["post-4555","page","type-page","status-publish","hentry"],"yoast_head":"<!-- This site is optimized with the Yoast SEO plugin v27.6 - https:\/\/yoast.com\/product\/yoast-seo-wordpress\/ -->\n<title>Materialien - Minotti<\/title>\n<meta name=\"description\" content=\"Zum unnachahmlichen Lifestyle von Minotti Berlin z\u00e4hlt auch die umfangreiche Auswahl an exklusivsten Stoffen, feinsten Lederarten und besten Materialien zur Gestaltung von Sitzm\u00f6beln und weiterer Einrichtungsst\u00fccken.\" \/>\n<meta name=\"robots\" content=\"index, follow, max-snippet:-1, max-image-preview:large, max-video-preview:-1\" \/>\n<link rel=\"canonical\" href=\"https:\/\/www.minotti-berlin.de\/de\/materialien\/\" \/>\n<meta property=\"og:locale\" content=\"de_DE\" \/>\n<meta property=\"og:type\" content=\"article\" \/>\n<meta property=\"og:title\" content=\"Materialien - Minotti\" \/>\n<meta property=\"og:description\" content=\"Zum unnachahmlichen Lifestyle von Minotti Berlin z\u00e4hlt auch die umfangreiche Auswahl an exklusivsten Stoffen, feinsten Lederarten und besten Materialien zur Gestaltung von Sitzm\u00f6beln und weiterer Einrichtungsst\u00fccken.\" \/>\n<meta property=\"og:url\" content=\"https:\/\/www.minotti-berlin.de\/de\/materialien\/\" \/>\n<meta property=\"og:site_name\" content=\"Minotti\" \/>\n<meta property=\"article:modified_time\" content=\"2023-01-27T06:40:04+00:00\" \/>\n<meta name=\"twitter:card\" content=\"summary_large_image\" \/>\n<meta name=\"twitter:label1\" content=\"Gesch\u00e4tzte Lesezeit\" \/>\n\t<meta name=\"twitter:data1\" content=\"1\u00a0Minute\" \/>\n<script type=\"application\/ld+json\" class=\"yoast-schema-graph\">{\"@context\":\"https:\\\/\\\/schema.org\",\"@graph\":[{\"@type\":\"WebPage\",\"@id\":\"https:\\\/\\\/www.minotti-berlin.de\\\/de\\\/materialien\\\/\",\"url\":\"https:\\\/\\\/www.minotti-berlin.de\\\/de\\\/materialien\\\/\",\"name\":\"Materialien - Minotti\",\"isPartOf\":{\"@id\":\"https:\\\/\\\/www.minotti-berlin.de\\\/de\\\/#website\"},\"datePublished\":\"2020-04-27T20:50:27+00:00\",\"dateModified\":\"2023-01-27T06:40:04+00:00\",\"description\":\"Zum unnachahmlichen Lifestyle von Minotti Berlin z\u00e4hlt auch die umfangreiche Auswahl an exklusivsten Stoffen, feinsten Lederarten und besten Materialien zur Gestaltung von Sitzm\u00f6beln und weiterer Einrichtungsst\u00fccken.\",\"breadcrumb\":{\"@id\":\"https:\\\/\\\/www.minotti-berlin.de\\\/de\\\/materialien\\\/#breadcrumb\"},\"inLanguage\":\"de\",\"potentialAction\":[{\"@type\":\"ReadAction\",\"target\":[\"https:\\\/\\\/www.minotti-berlin.de\\\/de\\\/materialien\\\/\"]}]},{\"@type\":\"BreadcrumbList\",\"@id\":\"https:\\\/\\\/www.minotti-berlin.de\\\/de\\\/materialien\\\/#breadcrumb\",\"itemListElement\":[{\"@type\":\"ListItem\",\"position\":1,\"name\":\"Startseite\",\"item\":\"https:\\\/\\\/www.minotti-berlin.de\\\/de\\\/\"},{\"@type\":\"ListItem\",\"position\":2,\"name\":\"Materialien\"}]},{\"@type\":\"WebSite\",\"@id\":\"https:\\\/\\\/www.minotti-berlin.de\\\/de\\\/#website\",\"url\":\"https:\\\/\\\/www.minotti-berlin.de\\\/de\\\/\",\"name\":\"Minotti\",\"description\":\"Berlin\",\"potentialAction\":[{\"@type\":\"SearchAction\",\"target\":{\"@type\":\"EntryPoint\",\"urlTemplate\":\"https:\\\/\\\/www.minotti-berlin.de\\\/de\\\/?s={search_term_string}\"},\"query-input\":{\"@type\":\"PropertyValueSpecification\",\"valueRequired\":true,\"valueName\":\"search_term_string\"}}],\"inLanguage\":\"de\"}]}<\/script>\n<!-- \/ Yoast SEO plugin. -->","yoast_head_json":{"title":"Materialien - Minotti","description":"Zum unnachahmlichen Lifestyle von Minotti Berlin z\u00e4hlt auch die umfangreiche Auswahl an exklusivsten Stoffen, feinsten Lederarten und besten Materialien zur Gestaltung von Sitzm\u00f6beln und weiterer Einrichtungsst\u00fccken.","robots":{"index":"index","follow":"follow","max-snippet":"max-snippet:-1","max-image-preview":"max-image-preview:large","max-video-preview":"max-video-preview:-1"},"canonical":"https:\/\/www.minotti-berlin.de\/de\/materialien\/","og_locale":"de_DE","og_type":"article","og_title":"Materialien - Minotti","og_description":"Zum unnachahmlichen Lifestyle von Minotti Berlin z\u00e4hlt auch die umfangreiche Auswahl an exklusivsten Stoffen, feinsten Lederarten und besten Materialien zur Gestaltung von Sitzm\u00f6beln und weiterer Einrichtungsst\u00fccken.","og_url":"https:\/\/www.minotti-berlin.de\/de\/materialien\/","og_site_name":"Minotti","article_modified_time":"2023-01-27T06:40:04+00:00","twitter_card":"summary_large_image","twitter_misc":{"Gesch\u00e4tzte Lesezeit":"1\u00a0Minute"},"schema":{"@context":"https:\/\/schema.org","@graph":[{"@type":"WebPage","@id":"https:\/\/www.minotti-berlin.de\/de\/materialien\/","url":"https:\/\/www.minotti-berlin.de\/de\/materialien\/","name":"Materialien - Minotti","isPartOf":{"@id":"https:\/\/www.minotti-berlin.de\/de\/#website"},"datePublished":"2020-04-27T20:50:27+00:00","dateModified":"2023-01-27T06:40:04+00:00","description":"Zum unnachahmlichen Lifestyle von Minotti Berlin z\u00e4hlt auch die umfangreiche Auswahl an exklusivsten Stoffen, feinsten Lederarten und besten Materialien zur Gestaltung von Sitzm\u00f6beln und weiterer Einrichtungsst\u00fccken.","breadcrumb":{"@id":"https:\/\/www.minotti-berlin.de\/de\/materialien\/#breadcrumb"},"inLanguage":"de","potentialAction":[{"@type":"ReadAction","target":["https:\/\/www.minotti-berlin.de\/de\/materialien\/"]}]},{"@type":"BreadcrumbList","@id":"https:\/\/www.minotti-berlin.de\/de\/materialien\/#breadcrumb","itemListElement":[{"@type":"ListItem","position":1,"name":"Startseite","item":"https:\/\/www.minotti-berlin.de\/de\/"},{"@type":"ListItem","position":2,"name":"Materialien"}]},{"@type":"WebSite","@id":"https:\/\/www.minotti-berlin.de\/de\/#website","url":"https:\/\/www.minotti-berlin.de\/de\/","name":"Minotti","description":"Berlin","potentialAction":[{"@type":"SearchAction","target":{"@type":"EntryPoint","urlTemplate":"https:\/\/www.minotti-berlin.de\/de\/?s={search_term_string}"},"query-input":{"@type":"PropertyValueSpecification","valueRequired":true,"valueName":"search_term_string"}}],"inLanguage":"de"}]}},"_links":{"self":[{"href":"https:\/\/www.minotti-berlin.de\/de\/wp-json\/wp\/v2\/pages\/4555","targetHints":{"allow":["GET"]}}],"collection":[{"href":"https:\/\/www.minotti-berlin.de\/de\/wp-json\/wp\/v2\/pages"}],"about":[{"href":"https:\/\/www.minotti-berlin.de\/de\/wp-json\/wp\/v2\/types\/page"}],"author":[{"embeddable":true,"href":"https:\/\/www.minotti-berlin.de\/de\/wp-json\/wp\/v2\/users\/1"}],"replies":[{"embeddable":true,"href":"https:\/\/www.minotti-berlin.de\/de\/wp-json\/wp\/v2\/comments?post=4555"}],"version-history":[{"count":36,"href":"https:\/\/www.minotti-berlin.de\/de\/wp-json\/wp\/v2\/pages\/4555\/revisions"}],"predecessor-version":[{"id":5684,"href":"https:\/\/www.minotti-berlin.de\/de\/wp-json\/wp\/v2\/pages\/4555\/revisions\/5684"}],"wp:attachment":[{"href":"https:\/\/www.minotti-berlin.de\/de\/wp-json\/wp\/v2\/media?parent=4555"}],"curies":[{"name":"wp","href":"https:\/\/api.w.org\/{rel}","templated":true}]}}