{"id":222,"date":"2019-03-04T09:08:31","date_gmt":"2019-03-04T09:08:31","guid":{"rendered":"https:\/\/dor.mikado-themes.com\/?page_id=222"},"modified":"2025-05-26T08:31:58","modified_gmt":"2025-05-26T08:31:58","slug":"einrichtungsplanung","status":"publish","type":"page","link":"https:\/\/www.minotti-berlin.de\/de\/einrichtungsplanung\/","title":{"rendered":"Einrichtungsplanung"},"content":{"rendered":"<div class=\"wpb-content-wrapper\"><p>[vc_row row_content_width=&#8220;grid&#8220; content_text_aligment=&#8220;center&#8220; css=&#8220;.vc_custom_1588015206994{padding-top: -100px !important;padding-bottom: 0px !important;}&#8220; simple_background_color=&#8220;#000000&#8243;][vc_column][vc_column_text]<\/p>\n<h5 style=\"text-align: center;\" data-start=\"706\" data-end=\"1139\"><strong data-start=\"706\" data-end=\"769\">Italienisches Interior Design mit pers\u00f6nlicher Handschrift:<\/strong><br data-start=\"769\" data-end=\"772\" \/>Im Minotti Showroom Berlin verbinden sich zeitlose Eleganz, architektonisches Know-how und die Leidenschaft f\u00fcr italienisches Design zu einem ganzheitlichen Einrichtungserlebnis. Unsere Einrichtungsplanung geht weit \u00fcber die Auswahl einzelner M\u00f6belst\u00fccke hinaus \u2013 sie beginnt mit Ihrer Vision und endet in einem Raum, der Ihren Stil auf h\u00f6chstem Niveau widerspiegelt.<\/h5>\n<h5 style=\"text-align: center;\" data-start=\"1141\" data-end=\"1578\"><strong data-start=\"1141\" data-end=\"1197\">Beratung, Planung, Umsetzung \u2013 alles aus einer Hand:<\/strong><br data-start=\"1197\" data-end=\"1200\" \/>Ob Apartment, Villa oder B\u00fcro: Unser Team begleitet Sie von der ersten Idee bis zur finalen Umsetzung \u2013 mit Liebe zum Detail, 3D-Visualisierungen, Stoff- und Materialmustern sowie einem klaren Blick f\u00fcr Proportion, Funktionalit\u00e4t und Atmosph\u00e4re. Dabei greifen wir auf das internationale Minotti Netzwerk zur\u00fcck und arbeiten eng mit Architekten und Innenarchitekt:innen zusammen.<\/h5>\n<h5 style=\"text-align: center;\" data-start=\"1580\" data-end=\"1968\"><strong data-start=\"1580\" data-end=\"1648\">Individuelle Einrichtungskonzepte \u2013 mit italienischer Pr\u00e4zision:<\/strong><br data-start=\"1648\" data-end=\"1651\" \/>Jeder Raum erz\u00e4hlt eine Geschichte. Gemeinsam entwickeln wir ein Einrichtungskonzept, das genau auf Ihre Bed\u00fcrfnisse zugeschnitten ist \u2013 stilistisch konsistent, modular erweiterbar und mit dem Anspruch auf h\u00f6chste Qualit\u00e4t. Ob urbane Wohnwelt oder repr\u00e4sentativer Empfangsbereich \u2013 wir schaffen Orte, die inspirieren.<\/h5>\n<h5 style=\"text-align: center;\" data-start=\"1970\" data-end=\"2336\"><strong data-start=\"1970\" data-end=\"2045\">Planen Sie mit uns \u2013 direkt im Showroom in der Lietzenburger Stra\u00dfe 99:<\/strong><br data-start=\"2045\" data-end=\"2048\" \/>Lassen Sie sich von der aktuellen Minotti Kollektion inspirieren und erleben Sie unsere Designphilosophie live. Im Minotti Flagshipstore Berlin nehmen wir uns Zeit f\u00fcr Ihre W\u00fcnsche \u2013 bei einem Espresso, einem pers\u00f6nlichen Beratungsgespr\u00e4ch und mit der Expertise eines eingespielten Teams.<\/h5>\n<p>[\/vc_column_text][\/vc_column][\/vc_row][vc_row row_content_width=&#8220;grid&#8220; content_text_aligment=&#8220;left&#8220; css=&#8220;.vc_custom_1588015206994{padding-top: 123px !important;padding-bottom: 0px !important;}&#8220; simple_background_color=&#8220;#000000&#8243;][vc_column width=&#8220;1\/4&#8243;][vc_column_text]<\/p>\n<h4>EINRICHTUNG<\/h4>\n<p>[\/vc_column_text][vc_column_text]Unser Gesp\u00fcr f\u00fcr Stil und Qualit\u00e4t kombinieren wir mit einer auf Ihre W\u00fcnsche zugeschnittenen Einrichtungsplanung.[\/vc_column_text][vc_empty_space height=&#8220;33px&#8220;]<a itemprop=\"url\" href=\"https:\/\/www.minotti-berlin.de\/de\/einrichtungsplanung\/einrichtung\" target=\"_self\"  class=\"mkdf-btn mkdf-btn-small mkdf-btn-outline mkdf-btn-custom-hover-color\" data-hover-color=\"#000000\" >\n\t\t<span class=\"mkdf-btn-text\">Mehr dazu<\/span>\n    <\/a>[vc_empty_space height=&#8220;55px&#8220;][\/vc_column][vc_column width=&#8220;1\/4&#8243;][vc_column_text]<\/p>\n<h4>LICHT<\/h4>\n<p>[\/vc_column_text][vc_column_text]Wir bieten individuelle Lichtplanung sowie umfassende fachliche Begleitung \u2013 f\u00fcr ein optimales Lichtkonzept.[\/vc_column_text][vc_empty_space height=&#8220;33px&#8220;]<a itemprop=\"url\" href=\"https:\/\/www.minotti-berlin.de\/de\/einrichtungsplanung\/licht\" target=\"_self\"  class=\"mkdf-btn mkdf-btn-small mkdf-btn-outline mkdf-btn-custom-hover-color\" data-hover-color=\"#000000\" >\n\t\t<span class=\"mkdf-btn-text\">Mehr dazu<\/span>\n    <\/a>[vc_empty_space height=&#8220;55px&#8220;][\/vc_column][vc_column width=&#8220;1\/4&#8243;][vc_column_text]<\/p>\n<h4>MATERIALIEN<\/h4>\n<p>[\/vc_column_text][vc_column_text]Unsere Expert*innen f\u00fcr feinste Materialien jeglicher Art beraten Sie kompetent bei der Planung Ihrer Einrichtungskonzepte.[\/vc_column_text][vc_empty_space height=&#8220;33px&#8220;]<a itemprop=\"url\" href=\"https:\/\/www.minotti-berlin.de\/de\/materialien\" target=\"_self\"  class=\"mkdf-btn mkdf-btn-small mkdf-btn-outline mkdf-btn-custom-hover-color\" data-hover-color=\"#000000\" >\n\t\t<span class=\"mkdf-btn-text\">Mehr dazu<\/span>\n    <\/a>[vc_empty_space height=&#8220;55px&#8220;][\/vc_column][vc_column width=&#8220;1\/4&#8243;][vc_column_text]<\/p>\n<h4>FARBEN<\/h4>\n<p>[\/vc_column_text][vc_column_text]Wir erarbeiten ein detailliertes Farbkonzept f\u00fcr ein harmonisierendes Gesamtbild Ihrer Inneneinrichtung.[\/vc_column_text][vc_empty_space height=&#8220;33px&#8220;]<a itemprop=\"url\" href=\"https:\/\/www.minotti-berlin.de\/de\/einrichtungsplanung\/farben\" target=\"_self\"  class=\"mkdf-btn mkdf-btn-small mkdf-btn-outline mkdf-btn-custom-hover-color\" data-hover-color=\"#000000\" >\n\t\t<span class=\"mkdf-btn-text\">Mehr dazu<\/span>\n    <\/a>[vc_empty_space height=&#8220;55px&#8220;][\/vc_column][\/vc_row]<\/p>\n<\/div>","protected":false},"excerpt":{"rendered":"<p>[vc_row row_content_width=&#8220;grid&#8220; content_text_aligment=&#8220;center&#8220; css=&#8220;.vc_custom_1588015206994{padding-top: -100px !important;padding-bottom: 0px !important;}&#8220; simple_background_color=&#8220;#000000&#8243;][vc_column][vc_column_text] Italienisches Interior Design mit pers\u00f6nlicher Handschrift:Im Minotti Showroom Berlin verbinden sich zeitlose Eleganz, architektonisches Know-how und die Leidenschaft f\u00fcr italienisches Design zu einem ganzheitlichen Einrichtungserlebnis. Unsere Einrichtungsplanung geht weit \u00fcber die Auswahl einzelner M\u00f6belst\u00fccke hinaus \u2013 sie beginnt mit Ihrer Vision [&hellip;]<\/p>\n","protected":false},"author":1,"featured_media":0,"parent":0,"menu_order":0,"comment_status":"closed","ping_status":"closed","template":"full-width.php","meta":{"_exactmetrics_skip_tracking":false,"_exactmetrics_sitenote_active":false,"_exactmetrics_sitenote_note":"","_exactmetrics_sitenote_category":0,"footnotes":""},"class_list":["post-222","page","type-page","status-publish","hentry"],"yoast_head":"<!-- This site is optimized with the Yoast SEO plugin v27.6 - https:\/\/yoast.com\/product\/yoast-seo-wordpress\/ -->\n<title>Einrichtungsplanung - Minotti<\/title>\n<meta name=\"description\" content=\"Ganz gleich, ob Sie auf der Suche nach einem exklusiven Einzelst\u00fcck sind oder ein gr\u00f6\u00dferes Einrichtungsvorhaben planen \u2013 Minotti Berlin bietet umfassende Einrichtungsplanung und betreut Ihr Projekt von der Auswahl \u00fcber den Entwurf bis hin zur Fertigstellung.\" \/>\n<meta name=\"robots\" content=\"index, follow, max-snippet:-1, max-image-preview:large, max-video-preview:-1\" \/>\n<link rel=\"canonical\" href=\"https:\/\/www.minotti-berlin.de\/de\/einrichtungsplanung\/\" \/>\n<meta property=\"og:locale\" content=\"de_DE\" \/>\n<meta property=\"og:type\" content=\"article\" \/>\n<meta property=\"og:title\" content=\"Einrichtungsplanung - Minotti\" \/>\n<meta property=\"og:description\" content=\"Ganz gleich, ob Sie auf der Suche nach einem exklusiven Einzelst\u00fcck sind oder ein gr\u00f6\u00dferes Einrichtungsvorhaben planen \u2013 Minotti Berlin bietet umfassende Einrichtungsplanung und betreut Ihr Projekt von der Auswahl \u00fcber den Entwurf bis hin zur Fertigstellung.\" \/>\n<meta property=\"og:url\" content=\"https:\/\/www.minotti-berlin.de\/de\/einrichtungsplanung\/\" \/>\n<meta property=\"og:site_name\" content=\"Minotti\" \/>\n<meta property=\"article:modified_time\" content=\"2025-05-26T08:31:58+00:00\" \/>\n<meta name=\"twitter:card\" content=\"summary_large_image\" \/>\n<meta name=\"twitter:label1\" content=\"Gesch\u00e4tzte Lesezeit\" \/>\n\t<meta name=\"twitter:data1\" content=\"2\u00a0Minuten\" \/>\n<script type=\"application\/ld+json\" class=\"yoast-schema-graph\">{\"@context\":\"https:\\\/\\\/schema.org\",\"@graph\":[{\"@type\":\"WebPage\",\"@id\":\"https:\\\/\\\/www.minotti-berlin.de\\\/de\\\/einrichtungsplanung\\\/\",\"url\":\"https:\\\/\\\/www.minotti-berlin.de\\\/de\\\/einrichtungsplanung\\\/\",\"name\":\"Einrichtungsplanung - Minotti\",\"isPartOf\":{\"@id\":\"https:\\\/\\\/www.minotti-berlin.de\\\/de\\\/#website\"},\"datePublished\":\"2019-03-04T09:08:31+00:00\",\"dateModified\":\"2025-05-26T08:31:58+00:00\",\"description\":\"Ganz gleich, ob Sie auf der Suche nach einem exklusiven Einzelst\u00fcck sind oder ein gr\u00f6\u00dferes Einrichtungsvorhaben planen \u2013 Minotti Berlin bietet umfassende Einrichtungsplanung und betreut Ihr Projekt von der Auswahl \u00fcber den Entwurf bis hin zur Fertigstellung.\",\"breadcrumb\":{\"@id\":\"https:\\\/\\\/www.minotti-berlin.de\\\/de\\\/einrichtungsplanung\\\/#breadcrumb\"},\"inLanguage\":\"de\",\"potentialAction\":[{\"@type\":\"ReadAction\",\"target\":[\"https:\\\/\\\/www.minotti-berlin.de\\\/de\\\/einrichtungsplanung\\\/\"]}]},{\"@type\":\"BreadcrumbList\",\"@id\":\"https:\\\/\\\/www.minotti-berlin.de\\\/de\\\/einrichtungsplanung\\\/#breadcrumb\",\"itemListElement\":[{\"@type\":\"ListItem\",\"position\":1,\"name\":\"Startseite\",\"item\":\"https:\\\/\\\/www.minotti-berlin.de\\\/de\\\/\"},{\"@type\":\"ListItem\",\"position\":2,\"name\":\"Einrichtungsplanung\"}]},{\"@type\":\"WebSite\",\"@id\":\"https:\\\/\\\/www.minotti-berlin.de\\\/de\\\/#website\",\"url\":\"https:\\\/\\\/www.minotti-berlin.de\\\/de\\\/\",\"name\":\"Minotti\",\"description\":\"Berlin\",\"potentialAction\":[{\"@type\":\"SearchAction\",\"target\":{\"@type\":\"EntryPoint\",\"urlTemplate\":\"https:\\\/\\\/www.minotti-berlin.de\\\/de\\\/?s={search_term_string}\"},\"query-input\":{\"@type\":\"PropertyValueSpecification\",\"valueRequired\":true,\"valueName\":\"search_term_string\"}}],\"inLanguage\":\"de\"}]}<\/script>\n<!-- \/ Yoast SEO plugin. -->","yoast_head_json":{"title":"Einrichtungsplanung - Minotti","description":"Ganz gleich, ob Sie auf der Suche nach einem exklusiven Einzelst\u00fcck sind oder ein gr\u00f6\u00dferes Einrichtungsvorhaben planen \u2013 Minotti Berlin bietet umfassende Einrichtungsplanung und betreut Ihr Projekt von der Auswahl \u00fcber den Entwurf bis hin zur Fertigstellung.","robots":{"index":"index","follow":"follow","max-snippet":"max-snippet:-1","max-image-preview":"max-image-preview:large","max-video-preview":"max-video-preview:-1"},"canonical":"https:\/\/www.minotti-berlin.de\/de\/einrichtungsplanung\/","og_locale":"de_DE","og_type":"article","og_title":"Einrichtungsplanung - Minotti","og_description":"Ganz gleich, ob Sie auf der Suche nach einem exklusiven Einzelst\u00fcck sind oder ein gr\u00f6\u00dferes Einrichtungsvorhaben planen \u2013 Minotti Berlin bietet umfassende Einrichtungsplanung und betreut Ihr Projekt von der Auswahl \u00fcber den Entwurf bis hin zur Fertigstellung.","og_url":"https:\/\/www.minotti-berlin.de\/de\/einrichtungsplanung\/","og_site_name":"Minotti","article_modified_time":"2025-05-26T08:31:58+00:00","twitter_card":"summary_large_image","twitter_misc":{"Gesch\u00e4tzte Lesezeit":"2\u00a0Minuten"},"schema":{"@context":"https:\/\/schema.org","@graph":[{"@type":"WebPage","@id":"https:\/\/www.minotti-berlin.de\/de\/einrichtungsplanung\/","url":"https:\/\/www.minotti-berlin.de\/de\/einrichtungsplanung\/","name":"Einrichtungsplanung - Minotti","isPartOf":{"@id":"https:\/\/www.minotti-berlin.de\/de\/#website"},"datePublished":"2019-03-04T09:08:31+00:00","dateModified":"2025-05-26T08:31:58+00:00","description":"Ganz gleich, ob Sie auf der Suche nach einem exklusiven Einzelst\u00fcck sind oder ein gr\u00f6\u00dferes Einrichtungsvorhaben planen \u2013 Minotti Berlin bietet umfassende Einrichtungsplanung und betreut Ihr Projekt von der Auswahl \u00fcber den Entwurf bis hin zur Fertigstellung.","breadcrumb":{"@id":"https:\/\/www.minotti-berlin.de\/de\/einrichtungsplanung\/#breadcrumb"},"inLanguage":"de","potentialAction":[{"@type":"ReadAction","target":["https:\/\/www.minotti-berlin.de\/de\/einrichtungsplanung\/"]}]},{"@type":"BreadcrumbList","@id":"https:\/\/www.minotti-berlin.de\/de\/einrichtungsplanung\/#breadcrumb","itemListElement":[{"@type":"ListItem","position":1,"name":"Startseite","item":"https:\/\/www.minotti-berlin.de\/de\/"},{"@type":"ListItem","position":2,"name":"Einrichtungsplanung"}]},{"@type":"WebSite","@id":"https:\/\/www.minotti-berlin.de\/de\/#website","url":"https:\/\/www.minotti-berlin.de\/de\/","name":"Minotti","description":"Berlin","potentialAction":[{"@type":"SearchAction","target":{"@type":"EntryPoint","urlTemplate":"https:\/\/www.minotti-berlin.de\/de\/?s={search_term_string}"},"query-input":{"@type":"PropertyValueSpecification","valueRequired":true,"valueName":"search_term_string"}}],"inLanguage":"de"}]}},"_links":{"self":[{"href":"https:\/\/www.minotti-berlin.de\/de\/wp-json\/wp\/v2\/pages\/222","targetHints":{"allow":["GET"]}}],"collection":[{"href":"https:\/\/www.minotti-berlin.de\/de\/wp-json\/wp\/v2\/pages"}],"about":[{"href":"https:\/\/www.minotti-berlin.de\/de\/wp-json\/wp\/v2\/types\/page"}],"author":[{"embeddable":true,"href":"https:\/\/www.minotti-berlin.de\/de\/wp-json\/wp\/v2\/users\/1"}],"replies":[{"embeddable":true,"href":"https:\/\/www.minotti-berlin.de\/de\/wp-json\/wp\/v2\/comments?post=222"}],"version-history":[{"count":67,"href":"https:\/\/www.minotti-berlin.de\/de\/wp-json\/wp\/v2\/pages\/222\/revisions"}],"predecessor-version":[{"id":5863,"href":"https:\/\/www.minotti-berlin.de\/de\/wp-json\/wp\/v2\/pages\/222\/revisions\/5863"}],"wp:attachment":[{"href":"https:\/\/www.minotti-berlin.de\/de\/wp-json\/wp\/v2\/media?parent=222"}],"curies":[{"name":"wp","href":"https:\/\/api.w.org\/{rel}","templated":true}]}}